{"id":10274,"date":"2025-07-28T22:05:27","date_gmt":"2025-07-28T22:05:27","guid":{"rendered":"https:\/\/marceloescalante.com\/cdhe\/?page_id=10274"},"modified":"2025-07-28T23:36:24","modified_gmt":"2025-07-28T23:36:24","slug":"aviso-privacidad","status":"publish","type":"page","link":"https:\/\/marceloescalante.com\/cdhe\/aviso-privacidad\/","title":{"rendered":"Aviso de Privacidad"},"content":{"rendered":"<div class=\"wpb-content-wrapper\"><p>[vc_row full_width=&#8221;stretch_row_content&#8221; min_height=&#8221;80&#8243; min_height_units=&#8221;vh&#8221; parallax=&#8221;cesis_parallax&#8221; parallax_image=&#8221;47&#8243; cesis_content_effect=&#8221;cesis_row_e_fade_stick&#8221; cesis_content_effect_depth=&#8221;0.4&#8243; content_placement=&#8221;middle&#8221; css=&#8221;.vc_custom_1753742465267{background-image: url(https:\/\/marceloescalante.com\/cdhe\/wp-content\/uploads\/2025\/07\/pawel-czerwinski-zBTYRFCeaS0-unsplash-scaled-e1753742279319.jpg?id=10289) !important;}&#8221;][vc_column el_class=&#8221;cesis_align_a_center&#8221;][vc_custom_heading text=&#8221;Aviso de Privacidad&#8221; font_container=&#8221;tag:h2|font_size:78|text_align:center|color:%23000000|line_height:1.1em&#8221; text_transform=&#8221;cesis_text_transform_uppercase&#8221; letter_spacing=&#8221;4&#8243; google_fonts=&#8221;font_family:Open%20Sans%3A300%2C300italic%2Cregular%2Citalic%2C600%2C600italic%2C700%2C700italic%2C800%2C800italic|font_style:300%20light%20regular%3A300%3Anormal&#8221; css=&#8221;&#8221;][\/vc_column][\/vc_row][vc_row full_width=&#8221;stretch_row&#8221; css=&#8221;.vc_custom_1749683854878{padding-top: 150px !important;padding-bottom: 150px !important;background-color: #f7f7f7 !important;background-position: center !important;background-repeat: no-repeat !important;background-size: cover !important;}&#8221;][vc_column css_animation=&#8221;fadeInLeft&#8221;][vc_column_text font_size=&#8221;18px&#8221; css=&#8221;&#8221; font_color=&#8221;#999999&#8243;]<strong>CDHE MEXICO SC<\/strong>, mejor conocido como <strong>CORPORATIVO DHE<\/strong>, con domicilio fiscal en calle Topacio-Calle 1, Villas \u00d3palo IV. 9B Fraccionamiento Jardines de Mocambo , municipio o delegaci\u00f3n Boca del R\u00edo, C.P 94298, en la entidad de VERACRUZ, pa\u00eds MEXICO, y portal de internet www.corporativodhe.com, es el responsable del uso y protecci\u00f3n de sus datos personales, y al respecto le comunicamos lo siguiente:<\/p>\n<p>El presente Aviso de Privacidad tiene como objeto informarle sobre el tratamiento que se dar\u00e1 a todos los datos personales recabados, utilizados, almacenados y\/o transferidos por <strong>CORPORATIVO DHE<\/strong> a trav\u00e9s de los diferentes medios que pueden ser: electr\u00f3nicos, formatos impresos, entrevistas, entre otros, mismos que son y ser\u00e1n utilizados \u00fanica y exclusivamente para los fines laborales, administrativos, operativos y de negocios para los cuales fueron recabados.<\/p>\n<p><strong>\u00bfPara qu\u00e9 fines utilizaremos sus datos personales?<\/strong><\/p>\n<p>Los datos personales que recabamos de usted, los utilizaremos para las siguientes finalidades que son necesarias para el servicio que solicita:<\/p>\n<ul>\n<li>Realizarle cotizaci\u00f3n del servicio<\/li>\n<li>Brindarle los servicios solicitados<\/li>\n<li>Cierre y firma de contratos de servicios<\/li>\n<li>Dar seguimiento al servicio contratado<\/li>\n<li>Llenado de solicitudes y registros<\/li>\n<li>Crear su registro de Cliente, Proveedor, y\/o Colaborador<\/li>\n<li>Actualizar los registros de Cliente, Proveedor, y\/o Colaborador<\/li>\n<\/ul>\n<p>&nbsp;<\/p>\n<p>De manera adicional, utilizaremos su informaci\u00f3n personal para las siguientes finalidades secundarias que <strong>no son necesarias<\/strong> para el servicio solicitado, pero que nos permiten y facilitan brindarle una mejor atenci\u00f3n:<\/p>\n<p>&nbsp;<\/p>\n<ul>\n<li>Hacerle llegar documentaci\u00f3n v\u00eda paqueter\u00eda cuando sea necesario.<\/li>\n<li>Darle a conocer calendario de cursos y servicios.<\/li>\n<li>Notificarle de posibles cambios en eventos.<\/li>\n<li>Hacerle llegar invitaciones, agradecimientos, felicitaciones.<\/li>\n<li>Mercadotecnia o publicitaria.<\/li>\n<li>Prospecci\u00f3n comercial.<\/li>\n<li>Informarle sobre nuevos servicios.<\/li>\n<li>Procesos de Gesti\u00f3n Administrativa.<\/li>\n<\/ul>\n<p>&nbsp;<\/p>\n<p>Encuestas y evaluaciones de servicios <strong>CORPORATIVO DHE<\/strong>\u00a0podr\u00e1n hacer uso de sus datos personales para otras finalidades, siempre y cuando dichas finalidades sean compatibles y puedan considerarse an\u00e1logas a las anteriores, en el entendido de que sus datos personales ser\u00e1n tratados \u00fanicamente por el tiempo necesario a fin de cumplir con las finalidades descritas y\/o de conformidad con lo que establezcan las disposiciones legales aplicables.<\/p>\n<p>En caso de que no desee que sus datos personales se utilicen para estos fines secundarios, debe notificarlo mediante correo electr\u00f3nico a la siguiente direcci\u00f3n: mmolina@corporativodhe.com. La negativa para el uso de sus datos personales para estas finalidades no podr\u00e1 ser un motivo para que le neguemos los servicios y productos que solicita o contrata con nosotros.<strong>\u00bfQu\u00e9 datos personales utilizaremos para estos fines?<\/strong><\/p>\n<p>Para llevar a cabo las finalidades descritas en el presente aviso de privacidad, utilizaremos los siguientes datos personales, dependiendo de la relaci\u00f3n que con usted exista:<\/p>\n<p>Datos Generales: nombre o Raz\u00f3n Social, direcci\u00f3n, RFC, Acta Constitutiva, correo electr\u00f3nico, tel\u00e9fono, fecha de nacimiento, CURP, sexo, edad, estatura, nacionalidad, firma y datos familiares.<\/p>\n<p>Datos sensibles: Le informamos que, para cumplir con las finalidades previstas en este aviso de privacidad, ser\u00e1n recabados y tratados datos personales sensibles como: datos laborales, patrimoniales, acad\u00e9micos, ideol\u00f3gicos, salud, caracter\u00edsticas personales, caracter\u00edsticas f\u00edsicas y diversiones para lo cual nos comprometemos a que los mismos ser\u00e1n tratados bajo las m\u00e1s estrictas medidas de seguridad que garanticen su confidencialidad.<\/p>\n<p>Trat\u00e1ndose de datos personales sensibles, <strong>CORPORATIVO DHE<\/strong> obtiene su consentimiento expreso y por escrito para su tratamiento, a trav\u00e9s de su firma aut\u00f3grafa, firma electr\u00f3nica u otro medio que se establezca de autenticaci\u00f3n. Conforme a la Ley, no ser\u00e1 necesario el consentimiento para el tratamiento de los datos personales cuando tenga el prop\u00f3sito de cumplir obligaciones derivadas de una relaci\u00f3n jur\u00eddica entre el titular y el responsable.<\/p>\n<p>De acuerdo al art\u00edculo 9 de la Ley Federal de Protecci\u00f3n de Datos Personales, en el caso de documentaci\u00f3n f\u00edsica, se solicitar\u00e1 una carta\u00a0en la que se\u00a0manifieste el conocimiento expreso y por escrito del titular en donde permita el tratamiento de la misma y que cuente con nombre y firma aut\u00f3grafa.<\/p>\n<p><strong>CORPORATIVO DHE<\/strong> cumple los principios de protecci\u00f3n de datos personales establecidos por la Ley Federal de Protecci\u00f3n de Datos Personales en Posesi\u00f3n de los Particulares y adopta las medidas necesarias para su aplicaci\u00f3n. Lo anterior aplica a\u00fan y cuando estos datos fueren tratados por un tercero, a solicitud de <strong>CORPORATIVO DHE<\/strong> y con el fin de cubrir el servicio administrativo y\/o operativo necesario, manteniendo la confidencialidad en todo momento. <strong>CORPORATIVO DHE<\/strong> toma las medidas necesarias y suficientes para procurar que esta Pol\u00edtica de Privacidad sea respetada, por \u00e9l o por terceros con los que guarde alguna relaci\u00f3n, para otorgar los servicios o productos establecidos con el titular.<\/p>\n<p><strong>\u00bfC\u00f3mo puede acceder, rectificar o cancelar sus datos personales, u oponerse a su uso?<\/strong><\/p>\n<p>Usted tiene derecho a conocer qu\u00e9 datos personales tenemos de usted, para qu\u00e9 los utilizamos y las condiciones del uso que les damos (Acceso). Asimismo, es su derecho solicitar la correcci\u00f3n de su informaci\u00f3n personal en caso de que est\u00e9 desactualizada, sea inexacta o incompleta (Rectificaci\u00f3n); que la eliminemos de nuestros registros o bases de datos cuando considere que la misma no est\u00e1 siendo utilizada adecuadamente (Cancelaci\u00f3n); as\u00ed como oponerse al uso de sus datos personales para fines espec\u00edficos (Oposici\u00f3n). Estos derechos se conocen como derechos ARCO.<\/p>\n<p>Para el ejercicio de cualquiera de los derechos ARCO, usted deber\u00e1 presentar la solicitud respectiva a trav\u00e9s del siguiente medio: correo electr\u00f3nico mmolina@corporativodhe.com Para conocer el procedimiento y requisitos para el ejercicio de los derechos ARCO, ponemos a su disposici\u00f3n el siguiente medio: correo electr\u00f3nico mmolina@corporativodhe.com<\/p>\n<p>Los datos de contacto de la persona o departamento de datos personales, que est\u00e1 a cargo de dar tr\u00e1mite a las solicitudes de derechos ARCO, son los siguientes: a) Nombre de la persona o departamento de datos personales: Direcci\u00f3n Administrativa[\/vc_column_text][\/vc_column][\/vc_row]<\/p>\n<\/div>","protected":false},"excerpt":{"rendered":"<p>[vc_row full_width=&#8221;stretch_row_content&#8221; min_height=&#8221;80&#8243; min_height_units=&#8221;vh&#8221; parallax=&#8221;cesis_parallax&#8221; parallax_image=&#8221;47&#8243; cesis_content_effect=&#8221;cesis_row_e_fade_stick&#8221; cesis_content_effect_depth=&#8221;0.4&#8243; content_placement=&#8221;middle&#8221; css=&#8221;.vc_custom_1753742465267{background-image: url(https:\/\/marceloescalante.com\/cdhe\/wp-content\/uploads\/2025\/07\/pawel-czerwinski-zBTYRFCeaS0-unsplash-scaled-e1753742279319.jpg?id=10289) !important;}&#8221;][vc_column el_class=&#8221;cesis_align_a_center&#8221;][vc_custom_heading text=&#8221;Aviso de Privacidad&#8221; font_container=&#8221;tag:h2|font_size:78|text_align:center|color:%23000000|line_height:1.1em&#8221; text_transform=&#8221;cesis_text_transform_uppercase&#8221; letter_spacing=&#8221;4&#8243; google_fonts=&#8221;font_family:Open%20Sans%3A300%2C300italic%2Cregular%2Citalic%2C600%2C600italic%2C700%2C700italic%2C800%2C800italic|font_style:300%20light%20regular%3A300%3Anormal&#8221; css=&#8221;&#8221;][\/vc_column][\/vc_row][vc_row full_width=&#8221;stretch_row&#8221; css=&#8221;.vc_custom_1749683854878{padding-top: 150px !important;padding-bottom: 150px !important;background-color: #f7f7f7 !important;background-position: center !important;background-repeat: no-repeat !important;background-size: cover !important;}&#8221;][vc_column css_animation=&#8221;fadeInLeft&#8221;][vc_column_text font_size=&#8221;18px&#8221; css=&#8221;&#8221; font_color=&#8221;#999999&#8243;]CDHE MEXICO SC, mejor conocido como CORPORATIVO DHE, con domicilio fiscal en calle Topacio-Calle 1, Villas \u00d3palo [&hellip;]<\/p>\n","protected":false},"author":1,"featured_media":0,"parent":0,"menu_order":0,"comment_status":"closed","ping_status":"closed","template":"","meta":{"_joinchat":[],"footnotes":""},"class_list":["post-10274","page","type-page","status-publish","hentry"],"_links":{"self":[{"href":"https:\/\/marceloescalante.com\/cdhe\/wp-json\/wp\/v2\/pages\/10274","targetHints":{"allow":["GET"]}}],"collection":[{"href":"https:\/\/marceloescalante.com\/cdhe\/wp-json\/wp\/v2\/pages"}],"about":[{"href":"https:\/\/marceloescalante.com\/cdhe\/wp-json\/wp\/v2\/types\/page"}],"author":[{"embeddable":true,"href":"https:\/\/marceloescalante.com\/cdhe\/wp-json\/wp\/v2\/users\/1"}],"replies":[{"embeddable":true,"href":"https:\/\/marceloescalante.com\/cdhe\/wp-json\/wp\/v2\/comments?post=10274"}],"version-history":[{"count":14,"href":"https:\/\/marceloescalante.com\/cdhe\/wp-json\/wp\/v2\/pages\/10274\/revisions"}],"predecessor-version":[{"id":10291,"href":"https:\/\/marceloescalante.com\/cdhe\/wp-json\/wp\/v2\/pages\/10274\/revisions\/10291"}],"wp:attachment":[{"href":"https:\/\/marceloescalante.com\/cdhe\/wp-json\/wp\/v2\/media?parent=10274"}],"curies":[{"name":"wp","href":"https:\/\/api.w.org\/{rel}","templated":true}]}}