{"id":9459,"date":"2025-06-04T23:13:38","date_gmt":"2025-06-04T23:13:38","guid":{"rendered":"https:\/\/marceloescalante.com\/cdhe\/?page_id=9459"},"modified":"2025-08-08T20:12:44","modified_gmt":"2025-08-08T20:12:44","slug":"quienes-somos","status":"publish","type":"page","link":"https:\/\/marceloescalante.com\/cdhe\/quienes-somos\/","title":{"rendered":"\u00bfQuienes somos?"},"content":{"rendered":"<div class=\"wpb-content-wrapper\"><p>[vc_row full_width=&#8221;stretch_row_content&#8221; min_height=&#8221;80&#8243; min_height_units=&#8221;vh&#8221; parallax=&#8221;cesis_parallax&#8221; cesis_parallax_speed=&#8221;0.4&#8243; cesis_content_effect=&#8221;cesis_row_e_fade_stick&#8221; cesis_content_effect_depth=&#8221;0.4&#8243; content_placement=&#8221;middle&#8221; css=&#8221;.vc_custom_1753889415558{padding-top: 60px !important;padding-bottom: 60px !important;background-image: url(https:\/\/marceloescalante.com\/cdhe\/wp-content\/uploads\/2025\/07\/kenny-eliason-1-aA2Fadydc-unsplash-scaled.jpg?id=10383) !important;}&#8221;][vc_column el_class=&#8221;cesis_align_a_center&#8221;][vc_custom_heading text=&#8221;\u00bfQui\u00e9nes Somos?&#8221; font_container=&#8221;tag:h2|font_size:78|text_align:center|color:%23ffffff|line_height:1.1em&#8221; text_transform=&#8221;cesis_text_transform_uppercase&#8221; letter_spacing=&#8221;4&#8243; google_fonts=&#8221;font_family:Open%20Sans%3A300%2C300italic%2Cregular%2Citalic%2C600%2C600italic%2C700%2C700italic%2C800%2C800italic|font_style:300%20light%20regular%3A300%3Anormal&#8221; css=&#8221;.vc_custom_1753820641378{margin-bottom: 12px !important;}&#8221;][\/vc_column][\/vc_row][vc_row content_placement=&#8221;middle&#8221; css=&#8221;.vc_custom_1753482547149{margin-top: 40px !important;margin-bottom: 40px !important;}&#8221;][vc_column width=&#8221;1\/2&#8243;][vc_column_text font_size=&#8221;16px&#8221; css=&#8221;&#8221;]<span style=\"font-family: Arial, serif;\"><span lang=\"es-MX\"><strong>Corporativo DHE<\/strong> nace en 2010 en Nuevo Laredo de la mano de <strong>Maricela Molina Garc\u00eda<\/strong> y <strong>Marcelo Jos\u00e9 Escalante Loaeza<\/strong>, con la misi\u00f3n de compartir conocimiento y herramientas que impulsen el crecimiento de personas, empresas y comunidades. Desde 2011 operamos en Veracruz, donde en 2015 renovamos nuestra imagen y procesos para consolidarnos como un referente de consultor\u00eda, capacitaci\u00f3n y gesti\u00f3n de proyectos hol\u00edsticos. <\/span><\/span>[\/vc_column_text][vc_column_text font_size=&#8221;16px&#8221; css=&#8221;&#8221;]<span style=\"font-family: Arial, serif;\"><span lang=\"es-MX\">Es en 2025 que se integra con nosotros <strong>Jenaro Estrada Hern\u00e1ndez<\/strong>, profesional experto en materia de asociaciones civiles, procuraci\u00f3n de fondos y de gesti\u00f3n de proyectos, que al igual que Marcelo, se encuentra certificado en la metodolog\u00eda <strong>PM4R<\/strong>. Lo que permite fortalecer al consejo de <strong>Corporativo DHE<\/strong>. <\/span><\/span>[\/vc_column_text][vc_column_text font_size=&#8221;16px&#8221; css=&#8221;&#8221;]<span style=\"font-family: Arial, serif;\"><span lang=\"es-MX\">Nuestra visi\u00f3n integral entiende a las organizaciones como sistemas vivos: analizamos cada parte (procesos, talento, entorno) y sus interacciones para generar soluciones completas, innovadoras y sostenibles. A trav\u00e9s de metodolog\u00edas avaladas por <strong>PMI<\/strong>, <strong>BID<\/strong> y est\u00e1ndares <strong>ASG<\/strong>, acompa\u00f1amos a startups, empresas consolidadas y <strong>ONG\u2019s<\/strong> en:<\/span><\/span>[\/vc_column_text][vc_column_text font_size=&#8221;16px&#8221; css=&#8221;&#8221;]En Corporativo DHE trabajamos con un enfoque multidisciplinario y humano, impulsando el m\u00e1ximo potencial de cada colaborador y generando un impacto positivo en la regi\u00f3n y sus comunidades.[\/vc_column_text][\/vc_column][vc_column width=&#8221;1\/2&#8243;][vc_single_image image=&#8221;10385&#8243; img_size=&#8221;full&#8221; css=&#8221;.vc_custom_1753889559794{margin-bottom: 0px !important;}&#8221; hide_md=&#8221;cesis_hidden-md&#8221; hide_sm=&#8221;cesis_hidden-sm&#8221;][\/vc_column][\/vc_row][vc_row full_width=&#8221;stretch_row&#8221; css=&#8221;.vc_custom_1566914543847{padding-top: 90px !important;padding-bottom: 50px !important;background-color: #f6f7f8 !important;}&#8221;][vc_column][vc_row_inner][vc_column_inner][vc_custom_heading text=&#8221;Nuestra propuesta de valor&#8221; font_container=&#8221;tag:h2|text_align:center&#8221; google_fonts=&#8221;font_family:Open%20Sans%3A300%2C300italic%2Cregular%2Citalic%2C600%2C600italic%2C700%2C700italic%2C800%2C800italic|font_style:400%20regular%3A400%3Anormal&#8221; css=&#8221;.vc_custom_1754683963123{margin-bottom: 100px !important;}&#8221;][\/vc_column_inner][\/vc_row_inner][vc_row_inner][vc_column_inner width=&#8221;1\/3&#8243;][cesis_icon_paragraph i_size=&#8221;45&#8243; heading=&#8221;&#8221; heading_space=&#8221;18&#8243; text=&#8221;Planes de Negocio y Proyectos de Inversi\u00f3n\/ Gesti\u00f3n de Fondos: Definimos visi\u00f3n, objetivos y m\u00e9tricas para alinear equipos y adaptarnos \u00e1gilmente al entorno.&#8221; text_space=&#8221;0&#8243; css_animation=&#8221;fadeIn&#8221; margin_bottom=&#8221;40&#8243; h_icon_color=&#8221;#4285F4&#8243; heading_font=&#8221;custom&#8221; heading_google_fonts=&#8221;font_family:Open%20Sans%3A300%2C300italic%2Cregular%2Citalic%2C600%2C600italic%2C700%2C700italic%2C800%2C800italic|font_style:300%20light%20regular%3A300%3Anormal&#8221; heading_f_size=&#8221;16px&#8221; heading_t_transform=&#8221;none&#8221; icon=&#8221;fa-design&#8221;][\/cesis_icon_paragraph][\/vc_column_inner][vc_column_inner width=&#8221;1\/3&#8243;][cesis_icon_paragraph i_size=&#8221;45&#8243; heading=&#8221;&#8221; heading_space=&#8221;18&#8243; text=&#8221;Servicios para ONG\u2019s: institucionalizamos tu organizaci\u00f3n, gestionamos fondos y tramitamos acreditaciones (Donataria, CLUNI), fortaleciendo tu impacto social.&#8221; text_space=&#8221;0&#8243; css_animation=&#8221;fadeIn&#8221; delay=&#8221;500&#8243; margin_bottom=&#8221;40&#8243; icon_color=&#8221;#4285F4&#8243; h_icon_color=&#8221;#4285F4&#8243; heading_font=&#8221;custom&#8221; heading_google_fonts=&#8221;font_family:Open%20Sans%3A300%2C300italic%2Cregular%2Citalic%2C600%2C600italic%2C700%2C700italic%2C800%2C800italic|font_style:400%20regular%3A400%3Anormal&#8221; heading_f_size=&#8221;16px&#8221; heading_t_transform=&#8221;none&#8221; icon=&#8221;fa-building-o&#8221;][\/cesis_icon_paragraph][\/vc_column_inner][vc_column_inner width=&#8221;1\/3&#8243;][cesis_icon_paragraph i_size=&#8221;45&#8243; heading=&#8221;&#8221; heading_space=&#8221;18&#8243; text=&#8221;Gesti\u00f3n de proyectos: aplicamos PM4R, PMI y marcos \u00e1giles para asegurar entregas puntuales, control de riesgos y resultados de calidad.&#8221; text_space=&#8221;0&#8243; css_animation=&#8221;fadeIn&#8221; delay=&#8221;300&#8243; margin_bottom=&#8221;40&#8243; h_icon_color=&#8221;#4285F4&#8243; heading_font=&#8221;custom&#8221; heading_google_fonts=&#8221;font_family:Open%20Sans%3A300%2C300italic%2Cregular%2Citalic%2C600%2C600italic%2C700%2C700italic%2C800%2C800italic|font_style:300%20light%20regular%3A300%3Anormal&#8221; heading_f_size=&#8221;16px&#8221; heading_t_transform=&#8221;none&#8221; icon=&#8221;fa-bag2&#8243;][\/cesis_icon_paragraph][\/vc_column_inner][\/vc_row_inner][\/vc_column][\/vc_row]<\/p>\n<\/div>","protected":false},"excerpt":{"rendered":"<p>[vc_row full_width=&#8221;stretch_row_content&#8221; min_height=&#8221;80&#8243; min_height_units=&#8221;vh&#8221; parallax=&#8221;cesis_parallax&#8221; cesis_parallax_speed=&#8221;0.4&#8243; cesis_content_effect=&#8221;cesis_row_e_fade_stick&#8221; cesis_content_effect_depth=&#8221;0.4&#8243; content_placement=&#8221;middle&#8221; css=&#8221;.vc_custom_1753889415558{padding-top: 60px !important;padding-bottom: 60px !important;background-image: url(https:\/\/marceloescalante.com\/cdhe\/wp-content\/uploads\/2025\/07\/kenny-eliason-1-aA2Fadydc-unsplash-scaled.jpg?id=10383) !important;}&#8221;][vc_column el_class=&#8221;cesis_align_a_center&#8221;][vc_custom_heading text=&#8221;\u00bfQui\u00e9nes Somos?&#8221; font_container=&#8221;tag:h2|font_size:78|text_align:center|color:%23ffffff|line_height:1.1em&#8221; text_transform=&#8221;cesis_text_transform_uppercase&#8221; letter_spacing=&#8221;4&#8243; google_fonts=&#8221;font_family:Open%20Sans%3A300%2C300italic%2Cregular%2Citalic%2C600%2C600italic%2C700%2C700italic%2C800%2C800italic|font_style:300%20light%20regular%3A300%3Anormal&#8221; css=&#8221;.vc_custom_1753820641378{margin-bottom: 12px !important;}&#8221;][\/vc_column][\/vc_row][vc_row content_placement=&#8221;middle&#8221; css=&#8221;.vc_custom_1753482547149{margin-top: 40px !important;margin-bottom: 40px !important;}&#8221;][vc_column width=&#8221;1\/2&#8243;][vc_column_text font_size=&#8221;16px&#8221; css=&#8221;&#8221;]Corporativo DHE nace en 2010 en Nuevo Laredo de la mano de Maricela Molina Garc\u00eda y Marcelo Jos\u00e9 Escalante Loaeza, con [&hellip;]<\/p>\n","protected":false},"author":1,"featured_media":0,"parent":0,"menu_order":0,"comment_status":"closed","ping_status":"closed","template":"","meta":{"_joinchat":[],"footnotes":""},"class_list":["post-9459","page","type-page","status-publish","hentry"],"_links":{"self":[{"href":"https:\/\/marceloescalante.com\/cdhe\/wp-json\/wp\/v2\/pages\/9459","targetHints":{"allow":["GET"]}}],"collection":[{"href":"https:\/\/marceloescalante.com\/cdhe\/wp-json\/wp\/v2\/pages"}],"about":[{"href":"https:\/\/marceloescalante.com\/cdhe\/wp-json\/wp\/v2\/types\/page"}],"author":[{"embeddable":true,"href":"https:\/\/marceloescalante.com\/cdhe\/wp-json\/wp\/v2\/users\/1"}],"replies":[{"embeddable":true,"href":"https:\/\/marceloescalante.com\/cdhe\/wp-json\/wp\/v2\/comments?post=9459"}],"version-history":[{"count":38,"href":"https:\/\/marceloescalante.com\/cdhe\/wp-json\/wp\/v2\/pages\/9459\/revisions"}],"predecessor-version":[{"id":10493,"href":"https:\/\/marceloescalante.com\/cdhe\/wp-json\/wp\/v2\/pages\/9459\/revisions\/10493"}],"wp:attachment":[{"href":"https:\/\/marceloescalante.com\/cdhe\/wp-json\/wp\/v2\/media?parent=9459"}],"curies":[{"name":"wp","href":"https:\/\/api.w.org\/{rel}","templated":true}]}}