{"id":9464,"date":"2025-06-04T23:26:38","date_gmt":"2025-06-04T23:26:38","guid":{"rendered":"https:\/\/marceloescalante.com\/cdhe\/?page_id=9464"},"modified":"2025-08-11T17:45:02","modified_gmt":"2025-08-11T17:45:02","slug":"inicio","status":"publish","type":"page","link":"https:\/\/marceloescalante.com\/cdhe\/","title":{"rendered":"Inicio"},"content":{"rendered":"<div class=\"wpb-content-wrapper\"><p>[vc_row full_width=&#8221;stretch_row&#8221; content_placement=&#8221;top&#8221; css=&#8221;.vc_custom_1507610732930{padding-top: 60px !important;padding-bottom: 0px !important;background-color: #ffffff !important;}&#8221;][vc_column width=&#8221;1\/2&#8243; css=&#8221;.vc_custom_1749595587152{padding-top: 20px !important;padding-bottom: 40px !important;}&#8221;][vc_single_image image=&#8221;9774&#8243; img_size=&#8221;full&#8221; css_animation=&#8221;fadeInUp&#8221; css=&#8221;.vc_custom_1749595483306{margin-bottom: 0px !important;}&#8221;][\/vc_column][vc_column width=&#8221;1\/2&#8243; css=&#8221;.vc_custom_1507604979622{padding-top: 20px !important;padding-bottom: 70px !important;}&#8221;][vc_custom_heading text=&#8221;Bienvenido a Corporativo DHE&#8221; font_container=&#8221;tag:h2|font_size:36|text_align:left|line_height:1.2em&#8221; text_resize=&#8221;yes&#8221; text_minimum=&#8221;22&#8243; google_fonts=&#8221;font_family:Open%20Sans%3A300%2C300italic%2Cregular%2Citalic%2C600%2C600italic%2C700%2C700italic%2C800%2C800italic|font_style:400%20regular%3A400%3Anormal&#8221; css=&#8221;.vc_custom_1749247796410{margin-bottom: 36px !important;}&#8221;][vc_column_text font_size=&#8221;16px&#8221; css=&#8221;.vc_custom_1751041110390{margin-bottom: 17px !important;}&#8221;]En Corporativo DHE, nos especializamos en ofrecer soluciones estrat\u00e9gicas y personalizadas para la gesti\u00f3n empresarial, basadas en marcos normativos y las mejores pr\u00e1cticas internacionales. Nuestra propuesta de valor se centra en transformar la gesti\u00f3n de su empresa a trav\u00e9s de servicios integrales que garantizan calidad, eficiencia, seguridad y sostenibilidad. A continuaci\u00f3n, destacamos los principales beneficios y el valor a\u00f1adido de nuestros servicios.<\/p>\n<p>En Corporativo DHE, estamos comprometidos con la transformaci\u00f3n y el \u00e9xito sostenible de su negocio. A trav\u00e9s de nuestros servicios estrat\u00e9gicos, basados en marcos normativos y las mejores pr\u00e1cticas internacionales, proporcionamos soluciones integrales que mejoran la calidad, eficiencia, seguridad y competitividad de su empresa.[\/vc_column_text][cesis_icon_list space=&#8221;18&#8243; margin_bottom=&#8221;43&#8243; text_color=&#8221;#4285F4&#8243; border_color=&#8221;#dfdfdf&#8221; icon_color=&#8221;#009cde&#8221; h_icon_color=&#8221;#009cde&#8221; heading_font=&#8221;custom&#8221; h_google_fonts=&#8221;font_family:Open%20Sans%3A300%2C300italic%2Cregular%2Citalic%2C600%2C600italic%2C700%2C700italic%2C800%2C800italic|font_style:300%20light%20regular%3A300%3Anormal&#8221; values=&#8221;%5B%7B%22link%22%3A%22https%3A%2F%2Fmarceloescalante.com%2Fcdhe%2Fplanes-proyectos-gestion%2F%22%2C%22text%22%3A%22Planes%20de%20Negocio%20y%20Proyectos%20de%20Inversi%C3%B3n%20%2F%20Gesti%C3%B3n%20de%20Fondos%22%7D%2C%7B%22link%22%3A%22https%3A%2F%2Fmarceloescalante.com%2Fcdhe%2Fproject-management%2F%22%2C%22text%22%3A%22Project%20Management%22%7D%2C%7B%22link%22%3A%22https%3A%2F%2Fmarceloescalante.com%2Fcdhe%2Fservicios-ong%2F%22%2C%22text%22%3A%22Servicios%20Integrales%20para%20ONG&#8217;s%22%7D%5D&#8221; t_heading_separator=&#8221;&#8221; t_text_separator=&#8221;&#8221;][cesis_button button_text=&#8221;Cont\u00e1ctanos&#8221; link=&#8221;https:\/\/marceloescalante.com\/cdhe\/contacto\/&#8221; target=&#8221;_blank&#8221; button_size=&#8221;cesis_button_custom&#8221; button_width=&#8221;200px&#8221; button_height=&#8221;50px&#8221; button_border=&#8221;1&#8243; button_radius=&#8221;10&#8243; hover=&#8221;shine&#8221; button_text_color=&#8221;#FFFFFF&#8221; button_bg_color=&#8221;#009CDE&#8221; button_border_color=&#8221;#e1e1e1&#8243; h_button_text_color=&#8221;#ffffff&#8221; h_button_bg_color=&#8221;#00000000&#8243; h_button_border_color=&#8221;#009CDE&#8221; button_f_size=&#8221;16px&#8221; button_f_weight=&#8221;400&#8243; button_t_transform=&#8221;none&#8221;][\/vc_column][\/vc_row][vc_row full_width=&#8221;stretch_row&#8221; css=&#8221;.vc_custom_1749489538928{padding-top: 60px !important;padding-bottom: 60px !important;background-color: #F4F4F4 !important;}&#8221;][vc_column][vc_custom_heading text=&#8221;Propuestas de Valor&#8221; font_container=&#8221;tag:h2|text_align:center&#8221; google_fonts=&#8221;font_family:Open%20Sans%3A300%2C300italic%2Cregular%2Citalic%2C600%2C600italic%2C700%2C700italic%2C800%2C800italic|font_style:400%20regular%3A400%3Anormal&#8221; css=&#8221;&#8221;][vc_accordion active_tab=&#8221;1&#8243; style=&#8221;cesis_acc_4&#8243;][vc_accordion_tab title=&#8221;Planes de Negocio y Proyectos de Inversi\u00f3n&#8221;][vc_column_text css=&#8221;&#8221;]Te acompa\u00f1amos en: Encontrar qui\u00e9n te preste o invierta, agregar fondos de inversi\u00f3n, p\u00fablicos y privados[\/vc_column_text][\/vc_accordion_tab][vc_accordion_tab title=&#8221;Project Management&#8221;][vc_column_text css=&#8221;&#8221;]Gestionamos tus proyectos bajo est\u00e1ndares de BID y PMI.[\/vc_column_text][\/vc_accordion_tab][vc_accordion_tab title=&#8221;Servicios Integrales para ONG&#8217;S&#8221;][vc_column_text css=&#8221;&#8221;]Ofrecemos un paquete completo de consultor\u00eda.[\/vc_column_text][\/vc_accordion_tab][\/vc_accordion][\/vc_column][\/vc_row][vc_row content_placement=&#8221;middle&#8221; css=&#8221;.vc_custom_1753890125444{padding-top: 80px !important;padding-bottom: 80px !important;background-position: center !important;background-repeat: no-repeat !important;background-size: cover !important;}&#8221;][vc_column][vc_custom_heading text=&#8221;Alianzas Estrat\u00e9gicas.&#8221; font_container=&#8221;tag:h2|text_align:center&#8221; google_fonts=&#8221;font_family:Open%20Sans%3A300%2C300italic%2Cregular%2Citalic%2C600%2C600italic%2C700%2C700italic%2C800%2C800italic|font_style:400%20regular%3A400%3Anormal&#8221; css=&#8221;&#8221;][vc_images_carousel images=&#8221;10125,10127,10105,10106,10107,10104,10121,10122,10124,10103,10126&#8243; img_size=&#8221;large&#8221; onclick=&#8221;link_no&#8221; speed=&#8221;2500&#8243; slides_per_view=&#8221;3&#8243; autoplay=&#8221;yes&#8221; hide_pagination_control=&#8221;yes&#8221; hide_prev_next_buttons=&#8221;yes&#8221; wrap=&#8221;yes&#8221; css=&#8221;.vc_custom_1754693746655{margin-left: 100px !important;}&#8221;][\/vc_column][\/vc_row][vc_row full_width=&#8221;stretch_row&#8221; css=&#8221;.vc_custom_1563553114364{padding-top: 95px !important;padding-bottom: 95px !important;background: #000000 url(http:\/\/cesis.co\/classic-business\/wp-content\/uploads\/sites\/8\/2019\/07\/contact_bg.jpg?id=39) !important;background-position: center !important;background-repeat: no-repeat !important;background-size: cover !important;}&#8221;][vc_column][vc_custom_heading text=&#8221;\u201cCont\u00e1ctanos hoy y empecemos a construir tu \u00e9xito.\u201d&#8221; font_container=&#8221;tag:h3|font_size:36px|text_align:center|color:%23ffffff|line_height:40px&#8221; text_resize=&#8221;yes&#8221; text_minimum=&#8221;30&#8243; google_fonts=&#8221;font_family:Open%20Sans%3A300%2C300italic%2Cregular%2Citalic%2C600%2C600italic%2C700%2C700italic%2C800%2C800italic|font_style:300%20light%20regular%3A300%3Anormal&#8221; css=&#8221;.vc_custom_1753811236183{margin-bottom: 23px !important;}&#8221;][vc_row_inner][vc_column_inner width=&#8221;1\/4&#8243;][\/vc_column_inner][vc_column_inner width=&#8221;1\/2&#8243;][cesis_cf7 contact_id=&#8221;9644&#8243; f_style=&#8221;custom&#8221; f_bg_color=&#8221;#00000000&#8243;][\/vc_column_inner][vc_column_inner width=&#8221;1\/4&#8243;][\/vc_column_inner][\/vc_row_inner][\/vc_column][\/vc_row]<\/p>\n<\/div>","protected":false},"excerpt":{"rendered":"<p>[vc_row full_width=&#8221;stretch_row&#8221; content_placement=&#8221;top&#8221; css=&#8221;.vc_custom_1507610732930{padding-top: 60px !important;padding-bottom: 0px !important;background-color: #ffffff !important;}&#8221;][vc_column width=&#8221;1\/2&#8243; css=&#8221;.vc_custom_1749595587152{padding-top: 20px !important;padding-bottom: 40px !important;}&#8221;][vc_single_image image=&#8221;9774&#8243; img_size=&#8221;full&#8221; css_animation=&#8221;fadeInUp&#8221; css=&#8221;.vc_custom_1749595483306{margin-bottom: 0px !important;}&#8221;][\/vc_column][vc_column width=&#8221;1\/2&#8243; css=&#8221;.vc_custom_1507604979622{padding-top: 20px !important;padding-bottom: 70px !important;}&#8221;][vc_custom_heading text=&#8221;Bienvenido a Corporativo DHE&#8221; font_container=&#8221;tag:h2|font_size:36|text_align:left|line_height:1.2em&#8221; text_resize=&#8221;yes&#8221; text_minimum=&#8221;22&#8243; google_fonts=&#8221;font_family:Open%20Sans%3A300%2C300italic%2Cregular%2Citalic%2C600%2C600italic%2C700%2C700italic%2C800%2C800italic|font_style:400%20regular%3A400%3Anormal&#8221; css=&#8221;.vc_custom_1749247796410{margin-bottom: 36px !important;}&#8221;][vc_column_text font_size=&#8221;16px&#8221; css=&#8221;.vc_custom_1751041110390{margin-bottom: 17px !important;}&#8221;]En Corporativo DHE, nos especializamos en ofrecer soluciones estrat\u00e9gicas y personalizadas para la [&hellip;]<\/p>\n","protected":false},"author":1,"featured_media":0,"parent":0,"menu_order":0,"comment_status":"closed","ping_status":"closed","template":"","meta":{"_joinchat":[],"footnotes":""},"class_list":["post-9464","page","type-page","status-publish","hentry"],"_links":{"self":[{"href":"https:\/\/marceloescalante.com\/cdhe\/wp-json\/wp\/v2\/pages\/9464","targetHints":{"allow":["GET"]}}],"collection":[{"href":"https:\/\/marceloescalante.com\/cdhe\/wp-json\/wp\/v2\/pages"}],"about":[{"href":"https:\/\/marceloescalante.com\/cdhe\/wp-json\/wp\/v2\/types\/page"}],"author":[{"embeddable":true,"href":"https:\/\/marceloescalante.com\/cdhe\/wp-json\/wp\/v2\/users\/1"}],"replies":[{"embeddable":true,"href":"https:\/\/marceloescalante.com\/cdhe\/wp-json\/wp\/v2\/comments?post=9464"}],"version-history":[{"count":158,"href":"https:\/\/marceloescalante.com\/cdhe\/wp-json\/wp\/v2\/pages\/9464\/revisions"}],"predecessor-version":[{"id":10524,"href":"https:\/\/marceloescalante.com\/cdhe\/wp-json\/wp\/v2\/pages\/9464\/revisions\/10524"}],"wp:attachment":[{"href":"https:\/\/marceloescalante.com\/cdhe\/wp-json\/wp\/v2\/media?parent=9464"}],"curies":[{"name":"wp","href":"https:\/\/api.w.org\/{rel}","templated":true}]}}