{"id":9564,"date":"2025-06-05T22:46:17","date_gmt":"2025-06-05T22:46:17","guid":{"rendered":"https:\/\/marceloescalante.com\/cdhe\/?page_id=9564"},"modified":"2025-08-08T21:28:06","modified_gmt":"2025-08-08T21:28:06","slug":"planes-proyectos-gestion","status":"publish","type":"page","link":"https:\/\/marceloescalante.com\/cdhe\/planes-proyectos-gestion\/","title":{"rendered":"Planes de Negocio y Proyectos de Inversi\u00f3n \/ Gesti\u00f3n de Fondos"},"content":{"rendered":"<div class=\"wpb-content-wrapper\"><p>[vc_row full_width=&#8221;stretch_row_content&#8221; min_height=&#8221;80&#8243; min_height_units=&#8221;vh&#8221; parallax=&#8221;cesis_parallax&#8221; parallax_image=&#8221;9969&#8243; cesis_content_effect=&#8221;cesis_row_e_fade_stick&#8221; cesis_content_effect_depth=&#8221;0.4&#8243; content_placement=&#8221;middle&#8221; css=&#8221;.vc_custom_1753487562330{padding-top: 60px !important;padding-bottom: 60px !important;background-image: url(https:\/\/marceloescalante.com\/cdhe\/wp-content\/uploads\/2025\/07\/Planes-Banner-scaled.jpg?id=10164) !important;}&#8221;][vc_column el_class=&#8221;cesis_align_a_center&#8221;][vc_custom_heading text=&#8221;Planes de Negocio y Proyectos de Inversi\u00f3n \/ Gesti\u00f3n de Fondos&#8221; font_container=&#8221;tag:h2|font_size:78|text_align:center|color:%23ffffff|line_height:1.1em&#8221; text_transform=&#8221;cesis_text_transform_uppercase&#8221; letter_spacing=&#8221;4&#8243; google_fonts=&#8221;font_family:Open%20Sans%3A300%2C300italic%2Cregular%2Citalic%2C600%2C600italic%2C700%2C700italic%2C800%2C800italic|font_style:300%20light%20regular%3A300%3Anormal&#8221; css=&#8221;.vc_custom_1753822086963{margin-bottom: 12px !important;}&#8221;][\/vc_column][\/vc_row][vc_row full_width=&#8221;stretch_row&#8221; css=&#8221;.vc_custom_1750275481745{padding-top: 150px !important;padding-bottom: 150px !important;background-color: #f7f7f7 !important;background-position: center !important;background-repeat: no-repeat !important;background-size: cover !important;}&#8221;][vc_column css_animation=&#8221;fadeInLeft&#8221; width=&#8221;1\/2&#8243; css=&#8221;.vc_custom_1753729110193{margin-top: 80px !important;}&#8221;][vc_custom_heading text=&#8221;Planes de negocio&#8221; font_container=&#8221;tag:h3|font_size:36px|text_align:justify|line_height:40px&#8221; text_resize=&#8221;yes&#8221; text_minimum=&#8221;30&#8243; google_fonts=&#8221;font_family:Open%20Sans%3A300%2C300italic%2Cregular%2Citalic%2C600%2C600italic%2C700%2C700italic%2C800%2C800italic|font_style:300%20light%20regular%3A300%3Anormal&#8221; css=&#8221;.vc_custom_1754684064182{margin-bottom: 23px !important;}&#8221;][vc_column_text font_size=&#8221;16px&#8221; css=&#8221;&#8221; font_color=&#8221;#999999&#8243;]<\/p>\n<p class=\"western\" lang=\"es-ES-u-co-trad\" style=\"text-align: left;\"><span lang=\"es-MX\">Un plan de negocio es tu hoja de ruta para el \u00e9xito. Te ayudamos a ordenar tu idea en pasos claros: qu\u00e9 ofrece tu proyecto, a qui\u00e9n va dirigido, c\u00f3mo generar\u00e1 ingresos y qu\u00e9 se necesita para arrancar. Con nuestro acompa\u00f1amiento, tendr\u00e1s un documento sencillo que muestra:<\/span><\/p>\n<p class=\"western\" lang=\"es-ES-u-co-trad\" style=\"text-align: left;\"><span lang=\"es-MX\">As\u00ed tendr\u00e1s confianza al presentar tu proyecto ante socios, bancos o familia, sin perderte en n\u00fameros complicados.<\/span><\/p>\n<p class=\"western\" lang=\"es-ES-u-co-trad\"><span lang=\"es-MX\">Dise\u00f1amos planes de negocio de acuerdo a tu propuesta de valor y creamos perfiles de proyectos de inversi\u00f3n, alineados a objetivos financieros y ASG (ESG), que permiten estructurar fondos de forma eficiente y atraer capital estrat\u00e9gico. <\/span><\/p>\n<p class=\"western\" lang=\"es-ES-u-co-trad\" style=\"text-align: left;\"><span lang=\"es-MX\">Adem\u00e1s, ofrecemos la gesti\u00f3n integral de fondos, desde la identificaci\u00f3n de fuentes de financiamiento hasta la rendici\u00f3n de cuentas ante inversionistas.<\/span><\/p>\n<p>[\/vc_column_text][\/vc_column][vc_column width=&#8221;1\/2&#8243;][vc_single_image image=&#8221;10163&#8243; img_size=&#8221;large&#8221; css=&#8221;&#8221;][\/vc_column][\/vc_row][vc_row css=&#8221;.vc_custom_1563293256202{padding-top: 60px !important;padding-bottom: 20px !important;}&#8221;][vc_column][vc_custom_heading text=&#8221;Tendr\u00e1s un documento sencillo que muestra:&#8221; font_container=&#8221;tag:h2|text_align:center&#8221; google_fonts=&#8221;font_family:Open%20Sans%3A300%2C300italic%2Cregular%2Citalic%2C600%2C600italic%2C700%2C700italic%2C800%2C800italic|font_style:400%20regular%3A400%3Anormal&#8221; css=&#8221;.vc_custom_1754681201312{margin-bottom: 100px !important;}&#8221;][\/vc_column][vc_column width=&#8221;1\/4&#8243; css=&#8221;.vc_custom_1563293250249{padding-top: 0px !important;padding-bottom: 40px !important;}&#8221;][cesis_icon_paragraph i_size=&#8221;45&#8243; position=&#8221;i_top&#8221; heading=&#8221;\u00bfQu\u00e9 vendes? y \u00bfa qui\u00e9n?&#8221; heading_space=&#8221;12&#8243; text=&#8221;&#8221; text_space=&#8221;0&#8243; icon_color=&#8221;#4285F4&#8243; h_icon_color=&#8221;#4285F4&#8243; heading_font=&#8221;custom&#8221; heading_google_fonts=&#8221;font_family:Open%20Sans%3A300%2C300italic%2Cregular%2Citalic%2C600%2C600italic%2C700%2C700italic%2C800%2C800italic|font_style:600%20bold%20regular%3A600%3Anormal&#8221; heading_f_size=&#8221;18px&#8221; heading_t_transform=&#8221;none&#8221; icon=&#8221;fa-users&#8221;][\/cesis_icon_paragraph][\/vc_column][vc_column width=&#8221;1\/4&#8243; css=&#8221;.vc_custom_1563293267499{padding-bottom: 40px !important;}&#8221;][cesis_icon_paragraph i_size=&#8221;45&#8243; position=&#8221;i_top&#8221; heading=&#8221;\u00bfC\u00f3mo vas a ganar dinero?&#8221; heading_space=&#8221;12&#8243; text=&#8221;&#8221; text_space=&#8221;0&#8243; icon_color=&#8221;#4285F4&#8243; h_icon_color=&#8221;#4285F4&#8243; heading_font=&#8221;custom&#8221; heading_google_fonts=&#8221;font_family:Open%20Sans%3A300%2C300italic%2Cregular%2Citalic%2C600%2C600italic%2C700%2C700italic%2C800%2C800italic|font_style:600%20bold%20regular%3A600%3Anormal&#8221; heading_f_size=&#8221;18px&#8221; heading_t_transform=&#8221;none&#8221; icon=&#8221;fa-money&#8221;][\/cesis_icon_paragraph][\/vc_column][vc_column width=&#8221;1\/4&#8243; css=&#8221;.vc_custom_1563293270963{padding-bottom: 40px !important;}&#8221;][cesis_icon_paragraph i_size=&#8221;45&#8243; position=&#8221;i_top&#8221; heading=&#8221;\u00bfCu\u00e1nto necesitas invertir? y \u00bfen qu\u00e9?&#8221; heading_space=&#8221;12&#8243; text=&#8221;&#8221; text_space=&#8221;0&#8243; icon_color=&#8221;#4285F4&#8243; h_icon_color=&#8221;#4285F4&#8243; heading_font=&#8221;custom&#8221; heading_google_fonts=&#8221;font_family:Open%20Sans%3A300%2C300italic%2Cregular%2Citalic%2C600%2C600italic%2C700%2C700italic%2C800%2C800italic|font_style:600%20bold%20regular%3A600%3Anormal&#8221; heading_f_size=&#8221;18px&#8221; heading_t_transform=&#8221;none&#8221; icon=&#8221;fa-line-chart&#8221;][\/cesis_icon_paragraph][\/vc_column][vc_column width=&#8221;1\/4&#8243; css=&#8221;.vc_custom_1563293279544{padding-bottom: 40px !important;}&#8221;][cesis_icon_paragraph i_size=&#8221;45&#8243; position=&#8221;i_top&#8221; heading=&#8221;Un calendario con tus primeros objetivos&#8221; heading_space=&#8221;12&#8243; text=&#8221;&#8221; text_space=&#8221;0&#8243; icon_color=&#8221;#4285F4&#8243; h_icon_color=&#8221;#4285F4&#8243; heading_font=&#8221;custom&#8221; heading_google_fonts=&#8221;font_family:Open%20Sans%3A300%2C300italic%2Cregular%2Citalic%2C600%2C600italic%2C700%2C700italic%2C800%2C800italic|font_style:600%20bold%20italic%3A600%3Aitalic&#8221; heading_f_size=&#8221;18px&#8221; heading_t_transform=&#8221;none&#8221; icon=&#8221;fa-calendar&#8221;][\/cesis_icon_paragraph][\/vc_column][\/vc_row][vc_row full_width=&#8221;stretch_row&#8221; css=&#8221;.vc_custom_1750276110028{padding-top: 150px !important;padding-bottom: 150px !important;background-color: #f7f7f7 !important;background-position: center !important;background-repeat: no-repeat !important;background-size: cover !important;}&#8221;][vc_column width=&#8221;1\/2&#8243;][vc_single_image image=&#8221;10161&#8243; img_size=&#8221;large&#8221; css=&#8221;&#8221;][\/vc_column][vc_column css_animation=&#8221;fadeInRight&#8221; width=&#8221;1\/2&#8243; css=&#8221;.vc_custom_1753729321932{margin-top: 25px !important;}&#8221;][vc_custom_heading text=&#8221;Proyectos de inversi\u00f3n.&#8221; font_container=&#8221;tag:h3|font_size:36px|text_align:left|line_height:40px&#8221; text_resize=&#8221;yes&#8221; text_minimum=&#8221;30&#8243; google_fonts=&#8221;font_family:Open%20Sans%3A300%2C300italic%2Cregular%2Citalic%2C600%2C600italic%2C700%2C700italic%2C800%2C800italic|font_style:300%20light%20regular%3A300%3Anormal&#8221; css=&#8221;.vc_custom_1753822156551{margin-bottom: 23px !important;}&#8221;][vc_column_text font_size=&#8221;16px&#8221; css=&#8221;&#8221; font_color=&#8221;#999999&#8243;]<\/p>\n<p class=\"western\" lang=\"es-ES-u-co-trad\"><span lang=\"es-MX\">Comprende el conjunto de actividades t\u00e9cnicas y administrativas destinadas a identificar, dise\u00f1ar, evaluar y gestionar propuestas de inversi\u00f3n que buscan generar valor agregado, rentabilidad o impacto social, optimizando el uso de recursos disponibles y minimizando riesgos.<\/span><\/p>\n<p class=\"western\" lang=\"es-ES-u-co-trad\"><span lang=\"es-MX\"><br \/>\nSi buscas dinero para crecer, dise\u00f1amos proyectos de inversi\u00f3n atractivos y nos encargamos de administrar los recursos.<br \/>\n<\/span><\/p>\n<p class=\"western\" lang=\"es-ES-u-co-trad\"><span lang=\"es-MX\">Con nuestra ayuda, tendr\u00e1s un proyecto ordenado y transparente, para que te concentres en hacer crecer tu negocio.<\/span><\/p>\n<p>[\/vc_column_text][\/vc_column][\/vc_row][vc_row css=&#8221;.vc_custom_1563293256202{padding-top: 60px !important;padding-bottom: 20px !important;}&#8221;][vc_column][vc_custom_heading text=&#8221;Te acompa\u00f1amos en:&#8221; font_container=&#8221;tag:h2|text_align:center&#8221; google_fonts=&#8221;font_family:Open%20Sans%3A300%2C300italic%2Cregular%2Citalic%2C600%2C600italic%2C700%2C700italic%2C800%2C800italic|font_style:400%20regular%3A400%3Anormal&#8221; css=&#8221;&#8221;][\/vc_column][vc_column][vc_accordion][vc_accordion_tab title=&#8221;Presentar tu proyecto de forma clara&#8221;][vc_column_text css=&#8221;&#8221;]\u25e6 Para que otros conf\u00eden en ti.<br \/>\n\u25e6 Pitch Decks para rondas de Venture Capital o Aceleradoras de negocios.[\/vc_column_text][\/vc_accordion_tab][vc_accordion_tab title=&#8221;Organizar y controlar los fondos&#8221;][vc_column_text css=&#8221;&#8221;]\u25e6 Para que cada peso se use donde m\u00e1s se necesita y se realice de manera efectiva.<br \/>\n\u25e6 Control de presupuestos para evitar precios de incumplimiento.[\/vc_column_text][\/vc_accordion_tab][vc_accordion_tab title=&#8221;Encontrar qui\u00e9n te preste o invierta&#8221;][vc_column_text css=&#8221;&#8221;]Bancos, inversionistas, programas de apoyo, agregar fondos de inversi\u00f3n, p\u00fablicos y privados[\/vc_column_text][\/vc_accordion_tab][vc_accordion_tab title=&#8221;Informarte f\u00e1cilmente&#8221;][vc_column_text css=&#8221;&#8221;]\u25e6 \u00bfC\u00f3mo van los avances y el uso del dinero?<br \/>\n\u25e6 Reportes sencillos para toma de decisiones.[\/vc_column_text][\/vc_accordion_tab][\/vc_accordion][\/vc_column][\/vc_row][vc_row full_width=&#8221;stretch_row&#8221; css=&#8221;.vc_custom_1750282917180{padding-top: 150px !important;padding-bottom: 150px !important;background-color: #f7f7f7 !important;background-position: center !important;background-repeat: no-repeat !important;background-size: cover !important;}&#8221;][vc_column css_animation=&#8221;fadeInRight&#8221; width=&#8221;1\/2&#8243; css=&#8221;.vc_custom_1754684201103{margin-top: 100px !important;}&#8221;][vc_custom_heading text=&#8221;Modelos y Estructura de Negocio&#8221; font_container=&#8221;tag:h3|font_size:36px|text_align:justify|line_height:40px&#8221; text_resize=&#8221;yes&#8221; text_minimum=&#8221;30&#8243; google_fonts=&#8221;font_family:Open%20Sans%3A300%2C300italic%2Cregular%2Citalic%2C600%2C600italic%2C700%2C700italic%2C800%2C800italic|font_style:300%20light%20regular%3A300%3Anormal&#8221; css=&#8221;.vc_custom_1754684222506{margin-bottom: 23px !important;margin-left: -20px !important;}&#8221;][vc_column_text font_size=&#8221;16px&#8221; css=&#8221;&#8221; font_color=&#8221;#999999&#8243;]<\/p>\n<p style=\"text-align: left;\">Creamos y validamos modelos de negocio innovadores (Canvas, Lean Startup, SaaS, high-ticket hospitality), definiendo la arquitectura organizacional, flujos de ingresos y propuestas de valor, para asegurar la escalabilidad y sostenibilidad de tu empresa.<\/p>\n<p>[\/vc_column_text][\/vc_column][vc_column width=&#8221;1\/2&#8243;][vc_single_image image=&#8221;10166&#8243; img_size=&#8221;large&#8221; css=&#8221;&#8221;][\/vc_column][\/vc_row][vc_row css=&#8221;.vc_custom_1563293256202{padding-top: 60px !important;padding-bottom: 20px !important;}&#8221;][vc_column][vc_custom_heading text=&#8221;Beneficios&#8221; font_container=&#8221;tag:h2|text_align:center&#8221; google_fonts=&#8221;font_family:Open%20Sans%3A300%2C300italic%2Cregular%2Citalic%2C600%2C600italic%2C700%2C700italic%2C800%2C800italic|font_style:400%20regular%3A400%3Anormal&#8221; css=&#8221;.vc_custom_1754681242766{margin-bottom: 100px !important;}&#8221;][\/vc_column][vc_column width=&#8221;1\/5&#8243; css=&#8221;.vc_custom_1563293250249{padding-top: 0px !important;padding-bottom: 40px !important;}&#8221;][\/vc_column][vc_column width=&#8221;1\/5&#8243; css=&#8221;.vc_custom_1563293267499{padding-bottom: 40px !important;}&#8221;][cesis_icon_paragraph i_size=&#8221;45&#8243; position=&#8221;i_top&#8221; heading=&#8221;Dise\u00f1o de un \u201cmotor de ingresos\u201d claro y replicable.&#8221; heading_space=&#8221;12&#8243; text=&#8221;&#8221; text_space=&#8221;0&#8243; icon_color=&#8221;#4285F4&#8243; h_icon_color=&#8221;#4285F4&#8243; heading_font=&#8221;custom&#8221; heading_google_fonts=&#8221;font_family:Open%20Sans%3A300%2C300italic%2Cregular%2Citalic%2C600%2C600italic%2C700%2C700italic%2C800%2C800italic|font_style:600%20bold%20regular%3A600%3Anormal&#8221; heading_f_size=&#8221;18px&#8221; heading_t_transform=&#8221;none&#8221; icon=&#8221;fa-pencil-square-o&#8221;][\/cesis_icon_paragraph][\/vc_column][vc_column width=&#8221;1\/5&#8243; css=&#8221;.vc_custom_1563293270963{padding-bottom: 40px !important;}&#8221;][cesis_icon_paragraph i_size=&#8221;45&#8243; position=&#8221;i_top&#8221; heading=&#8221;Optimizaci\u00f3n de recursos y procesos clave.&#8221; heading_space=&#8221;12&#8243; text=&#8221;&#8221; text_space=&#8221;0&#8243; icon_color=&#8221;#4285F4&#8243; h_icon_color=&#8221;#4285F4&#8243; heading_font=&#8221;custom&#8221; heading_google_fonts=&#8221;font_family:Open%20Sans%3A300%2C300italic%2Cregular%2Citalic%2C600%2C600italic%2C700%2C700italic%2C800%2C800italic|font_style:600%20bold%20regular%3A600%3Anormal&#8221; heading_f_size=&#8221;18px&#8221; heading_t_transform=&#8221;none&#8221; icon=&#8221;fa-cogs&#8221;][\/cesis_icon_paragraph][\/vc_column][vc_column width=&#8221;1\/5&#8243; css=&#8221;.vc_custom_1563293279544{padding-bottom: 40px !important;}&#8221;][cesis_icon_paragraph i_size=&#8221;45&#8243; position=&#8221;i_top&#8221; heading=&#8221;Adaptabilidad a nuevos productos, mercados y canales de venta.&#8221; heading_space=&#8221;12&#8243; text=&#8221;&#8221; text_space=&#8221;0&#8243; icon_color=&#8221;#4285F4&#8243; h_icon_color=&#8221;#4285F4&#8243; heading_font=&#8221;custom&#8221; heading_google_fonts=&#8221;font_family:Open%20Sans%3A300%2C300italic%2Cregular%2Citalic%2C600%2C600italic%2C700%2C700italic%2C800%2C800italic|font_style:600%20bold%20regular%3A600%3Anormal&#8221; heading_f_size=&#8221;18px&#8221; heading_t_transform=&#8221;none&#8221; icon=&#8221;fa-refresh&#8221;][\/cesis_icon_paragraph][\/vc_column][vc_column width=&#8221;1\/5&#8243;][\/vc_column][vc_column][\/vc_column][vc_column][\/vc_column][\/vc_row][vc_row full_width=&#8221;stretch_row&#8221; css=&#8221;.vc_custom_1750282964789{padding-top: 150px !important;padding-bottom: 150px !important;background-color: #F7F7F7 !important;background-position: center !important;background-repeat: no-repeat !important;background-size: cover !important;}&#8221;][vc_column width=&#8221;1\/2&#8243;][vc_single_image image=&#8221;10165&#8243; img_size=&#8221;full&#8221; css=&#8221;&#8221;][\/vc_column][vc_column css_animation=&#8221;fadeInRight&#8221; width=&#8221;1\/2&#8243; css=&#8221;.vc_custom_1753727542795{margin-top: 200px !important;}&#8221;][vc_custom_heading text=&#8221;Caracter\u00edsticas clave&#8221; font_container=&#8221;tag:h3|font_size:36px|text_align:left|line_height:40px&#8221; text_resize=&#8221;yes&#8221; text_minimum=&#8221;30&#8243; google_fonts=&#8221;font_family:Open%20Sans%3A300%2C300italic%2Cregular%2Citalic%2C600%2C600italic%2C700%2C700italic%2C800%2C800italic|font_style:300%20light%20regular%3A300%3Anormal&#8221; css=&#8221;.vc_custom_1753822023133{margin-bottom: 23px !important;}&#8221;][vc_column_text font_size=&#8221;16px&#8221; css=&#8221;&#8221; font_color=&#8221;#999999&#8243;]<\/p>\n<ul>\n<li>Mapa de modelo de negocio (Business Model Canvas) personalizado.<\/li>\n<li>An\u00e1lisis unitario de contribuci\u00f3n (unit economics).<\/li>\n<li>Estructura organizacional con roles y responsabilidades (organigrama).<\/li>\n<li>Roadmap de implementaci\u00f3n con hitos y entregables.<\/li>\n<\/ul>\n<p>[\/vc_column_text][\/vc_column][\/vc_row][vc_row full_width=&#8221;stretch_row&#8221; css=&#8221;.vc_custom_1563553114364{padding-top: 95px !important;padding-bottom: 95px !important;background: #000000 url(http:\/\/cesis.co\/classic-business\/wp-content\/uploads\/sites\/8\/2019\/07\/contact_bg.jpg?id=39) !important;background-position: center !important;background-repeat: no-repeat !important;background-size: cover !important;}&#8221;][vc_column][vc_custom_heading text=&#8221;\u201cCont\u00e1ctanos hoy y empecemos a construir tu \u00e9xito.\u201d&#8221; font_container=&#8221;tag:h3|font_size:36px|text_align:center|color:%23ffffff|line_height:40px&#8221; text_resize=&#8221;yes&#8221; text_minimum=&#8221;30&#8243; google_fonts=&#8221;font_family:Open%20Sans%3A300%2C300italic%2Cregular%2Citalic%2C600%2C600italic%2C700%2C700italic%2C800%2C800italic|font_style:300%20light%20regular%3A300%3Anormal&#8221; css=&#8221;.vc_custom_1753811236183{margin-bottom: 23px !important;}&#8221;][vc_row_inner][vc_column_inner width=&#8221;1\/4&#8243;][\/vc_column_inner][vc_column_inner width=&#8221;1\/2&#8243;][cesis_cf7 contact_id=&#8221;9644&#8243; f_style=&#8221;custom&#8221; f_bg_color=&#8221;#00000000&#8243;][\/vc_column_inner][vc_column_inner width=&#8221;1\/4&#8243;][\/vc_column_inner][\/vc_row_inner][\/vc_column][\/vc_row]<\/p>\n<\/div>","protected":false},"excerpt":{"rendered":"<p>[vc_row full_width=&#8221;stretch_row_content&#8221; min_height=&#8221;80&#8243; min_height_units=&#8221;vh&#8221; parallax=&#8221;cesis_parallax&#8221; parallax_image=&#8221;9969&#8243; cesis_content_effect=&#8221;cesis_row_e_fade_stick&#8221; cesis_content_effect_depth=&#8221;0.4&#8243; content_placement=&#8221;middle&#8221; css=&#8221;.vc_custom_1753487562330{padding-top: 60px !important;padding-bottom: 60px !important;background-image: url(https:\/\/marceloescalante.com\/cdhe\/wp-content\/uploads\/2025\/07\/Planes-Banner-scaled.jpg?id=10164) !important;}&#8221;][vc_column el_class=&#8221;cesis_align_a_center&#8221;][vc_custom_heading text=&#8221;Planes de Negocio y Proyectos de Inversi\u00f3n \/ Gesti\u00f3n de Fondos&#8221; font_container=&#8221;tag:h2|font_size:78|text_align:center|color:%23ffffff|line_height:1.1em&#8221; text_transform=&#8221;cesis_text_transform_uppercase&#8221; letter_spacing=&#8221;4&#8243; google_fonts=&#8221;font_family:Open%20Sans%3A300%2C300italic%2Cregular%2Citalic%2C600%2C600italic%2C700%2C700italic%2C800%2C800italic|font_style:300%20light%20regular%3A300%3Anormal&#8221; css=&#8221;.vc_custom_1753822086963{margin-bottom: 12px !important;}&#8221;][\/vc_column][\/vc_row][vc_row full_width=&#8221;stretch_row&#8221; css=&#8221;.vc_custom_1750275481745{padding-top: 150px !important;padding-bottom: 150px !important;background-color: #f7f7f7 !important;background-position: center !important;background-repeat: no-repeat !important;background-size: cover !important;}&#8221;][vc_column css_animation=&#8221;fadeInLeft&#8221; width=&#8221;1\/2&#8243; css=&#8221;.vc_custom_1753729110193{margin-top: 80px !important;}&#8221;][vc_custom_heading text=&#8221;Planes [&hellip;]<\/p>\n","protected":false},"author":1,"featured_media":0,"parent":0,"menu_order":0,"comment_status":"closed","ping_status":"closed","template":"","meta":{"_joinchat":[],"footnotes":""},"class_list":["post-9564","page","type-page","status-publish","hentry"],"_links":{"self":[{"href":"https:\/\/marceloescalante.com\/cdhe\/wp-json\/wp\/v2\/pages\/9564","targetHints":{"allow":["GET"]}}],"collection":[{"href":"https:\/\/marceloescalante.com\/cdhe\/wp-json\/wp\/v2\/pages"}],"about":[{"href":"https:\/\/marceloescalante.com\/cdhe\/wp-json\/wp\/v2\/types\/page"}],"author":[{"embeddable":true,"href":"https:\/\/marceloescalante.com\/cdhe\/wp-json\/wp\/v2\/users\/1"}],"replies":[{"embeddable":true,"href":"https:\/\/marceloescalante.com\/cdhe\/wp-json\/wp\/v2\/comments?post=9564"}],"version-history":[{"count":70,"href":"https:\/\/marceloescalante.com\/cdhe\/wp-json\/wp\/v2\/pages\/9564\/revisions"}],"predecessor-version":[{"id":10520,"href":"https:\/\/marceloescalante.com\/cdhe\/wp-json\/wp\/v2\/pages\/9564\/revisions\/10520"}],"wp:attachment":[{"href":"https:\/\/marceloescalante.com\/cdhe\/wp-json\/wp\/v2\/media?parent=9564"}],"curies":[{"name":"wp","href":"https:\/\/api.w.org\/{rel}","templated":true}]}}