{"id":9567,"date":"2025-06-05T22:48:13","date_gmt":"2025-06-05T22:48:13","guid":{"rendered":"https:\/\/marceloescalante.com\/cdhe\/?page_id=9567"},"modified":"2025-07-29T22:24:13","modified_gmt":"2025-07-29T22:24:13","slug":"contacto","status":"publish","type":"page","link":"https:\/\/marceloescalante.com\/cdhe\/contacto\/","title":{"rendered":"Contacto"},"content":{"rendered":"<div class=\"wpb-content-wrapper\"><p>[vc_row full_width=&#8221;stretch_row_content&#8221; min_height=&#8221;80&#8243; min_height_units=&#8221;vh&#8221; parallax=&#8221;cesis_parallax&#8221; parallax_image=&#8221;51&#8243; cesis_content_effect=&#8221;cesis_row_e_fade_stick&#8221; cesis_content_effect_depth=&#8221;0.4&#8243; content_placement=&#8221;middle&#8221; css=&#8221;.vc_custom_1749598781238{padding-top: 60px !important;padding-bottom: 60px !important;background-image: url(https:\/\/marceloescalante.com\/cdhe\/wp-content\/uploads\/2025\/06\/jose-martin-ramirez-carrasco-45sjAjSjArQ-unsplash-scaled.jpg?id=9782) !important;}&#8221;][vc_column el_class=&#8221;cesis_align_a_center&#8221;][vc_custom_heading text=&#8221;Contacto&#8221; font_container=&#8221;tag:h2|font_size:78|text_align:center|color:%23ffffff|line_height:1.1em&#8221; text_transform=&#8221;cesis_text_transform_uppercase&#8221; letter_spacing=&#8221;4&#8243; google_fonts=&#8221;font_family:Open%20Sans%3A300%2C300italic%2Cregular%2Citalic%2C600%2C600italic%2C700%2C700italic%2C800%2C800italic|font_style:300%20light%20regular%3A300%3Anormal&#8221; css=&#8221;.vc_custom_1753827824965{margin-bottom: 12px !important;}&#8221;][vc_custom_heading text=&#8221;Sue\u00f1a en grande. Piensa diferente. Hazlo mejor.&#8221; font_container=&#8221;tag:h3|font_size:30|text_align:center|color:%23ffffff|line_height:34px&#8221; google_fonts=&#8221;font_family:Open%20Sans%3A300%2C300italic%2Cregular%2Citalic%2C600%2C600italic%2C700%2C700italic%2C800%2C800italic|font_style:300%20light%20regular%3A300%3Anormal&#8221; css=&#8221;.vc_custom_1753827831398{margin-bottom: 0px !important;}&#8221;][\/vc_column][\/vc_row][vc_row full_width=&#8221;stretch_row&#8221; css=&#8221;.vc_custom_1566912258435{padding-top: 95px !important;padding-bottom: 95px !important;background-position: center !important;background-repeat: no-repeat !important;background-size: cover !important;}&#8221;][vc_column][vc_custom_heading text=&#8221;Trabajemos juntos.&#8221; font_container=&#8221;tag:h3|font_size:36px|text_align:center|line_height:40px&#8221; text_resize=&#8221;yes&#8221; text_minimum=&#8221;30&#8243; google_fonts=&#8221;font_family:Open%20Sans%3A300%2C300italic%2Cregular%2Citalic%2C600%2C600italic%2C700%2C700italic%2C800%2C800italic|font_style:300%20light%20regular%3A300%3Anormal&#8221; css=&#8221;.vc_custom_1753827840908{margin-bottom: 30px !important;}&#8221;][cesis_line_divider height=&#8221;1&#8243; width=&#8221;100&#8243; color=&#8221;#4285f4&#8243; margin_top=&#8221;25&#8243; margin_bottom=&#8221;25&#8243;][vc_custom_heading text=&#8221;&#8220;Hemos colaborado con empresas peque\u00f1as, grandes corporaciones y personalidades destacadas \u2013 y t\u00fa podr\u00edas ser el pr\u00f3ximo caso de \u00e9xito.&#8220;&#8221; font_container=&#8221;tag:h3|font_size:20px|text_align:center|color:%23999999|line_height:36px&#8221; google_fonts=&#8221;font_family:Open%20Sans%3A300%2C300italic%2Cregular%2Citalic%2C600%2C600italic%2C700%2C700italic%2C800%2C800italic|font_style:300%20light%20regular%3A300%3Anormal&#8221; css=&#8221;.vc_custom_1753827849826{margin-top: 30px !important;margin-bottom: 60px !important;}&#8221;][vc_row_inner][vc_column_inner width=&#8221;1\/4&#8243;][\/vc_column_inner][vc_column_inner width=&#8221;1\/2&#8243;][cesis_cf7 contact_id=&#8221;9644&#8243;][\/vc_column_inner][vc_column_inner width=&#8221;1\/4&#8243;][\/vc_column_inner][\/vc_row_inner][\/vc_column][\/vc_row]<\/p>\n<\/div>","protected":false},"excerpt":{"rendered":"<p>[vc_row full_width=&#8221;stretch_row_content&#8221; min_height=&#8221;80&#8243; min_height_units=&#8221;vh&#8221; parallax=&#8221;cesis_parallax&#8221; parallax_image=&#8221;51&#8243; cesis_content_effect=&#8221;cesis_row_e_fade_stick&#8221; cesis_content_effect_depth=&#8221;0.4&#8243; content_placement=&#8221;middle&#8221; css=&#8221;.vc_custom_1749598781238{padding-top: 60px !important;padding-bottom: 60px !important;background-image: url(https:\/\/marceloescalante.com\/cdhe\/wp-content\/uploads\/2025\/06\/jose-martin-ramirez-carrasco-45sjAjSjArQ-unsplash-scaled.jpg?id=9782) !important;}&#8221;][vc_column el_class=&#8221;cesis_align_a_center&#8221;][vc_custom_heading text=&#8221;Contacto&#8221; font_container=&#8221;tag:h2|font_size:78|text_align:center|color:%23ffffff|line_height:1.1em&#8221; text_transform=&#8221;cesis_text_transform_uppercase&#8221; letter_spacing=&#8221;4&#8243; google_fonts=&#8221;font_family:Open%20Sans%3A300%2C300italic%2Cregular%2Citalic%2C600%2C600italic%2C700%2C700italic%2C800%2C800italic|font_style:300%20light%20regular%3A300%3Anormal&#8221; css=&#8221;.vc_custom_1753827824965{margin-bottom: 12px !important;}&#8221;][vc_custom_heading text=&#8221;Sue\u00f1a en grande. Piensa diferente. Hazlo mejor.&#8221; font_container=&#8221;tag:h3|font_size:30|text_align:center|color:%23ffffff|line_height:34px&#8221; google_fonts=&#8221;font_family:Open%20Sans%3A300%2C300italic%2Cregular%2Citalic%2C600%2C600italic%2C700%2C700italic%2C800%2C800italic|font_style:300%20light%20regular%3A300%3Anormal&#8221; css=&#8221;.vc_custom_1753827831398{margin-bottom: 0px !important;}&#8221;][\/vc_column][\/vc_row][vc_row full_width=&#8221;stretch_row&#8221; css=&#8221;.vc_custom_1566912258435{padding-top: 95px !important;padding-bottom: 95px !important;background-position: center !important;background-repeat: no-repeat !important;background-size: cover !important;}&#8221;][vc_column][vc_custom_heading text=&#8221;Trabajemos juntos.&#8221; font_container=&#8221;tag:h3|font_size:36px|text_align:center|line_height:40px&#8221; text_resize=&#8221;yes&#8221; text_minimum=&#8221;30&#8243; google_fonts=&#8221;font_family:Open%20Sans%3A300%2C300italic%2Cregular%2Citalic%2C600%2C600italic%2C700%2C700italic%2C800%2C800italic|font_style:300%20light%20regular%3A300%3Anormal&#8221; [&hellip;]<\/p>\n","protected":false},"author":1,"featured_media":0,"parent":0,"menu_order":0,"comment_status":"closed","ping_status":"closed","template":"","meta":{"_joinchat":[],"footnotes":""},"class_list":["post-9567","page","type-page","status-publish","hentry"],"_links":{"self":[{"href":"https:\/\/marceloescalante.com\/cdhe\/wp-json\/wp\/v2\/pages\/9567","targetHints":{"allow":["GET"]}}],"collection":[{"href":"https:\/\/marceloescalante.com\/cdhe\/wp-json\/wp\/v2\/pages"}],"about":[{"href":"https:\/\/marceloescalante.com\/cdhe\/wp-json\/wp\/v2\/types\/page"}],"author":[{"embeddable":true,"href":"https:\/\/marceloescalante.com\/cdhe\/wp-json\/wp\/v2\/users\/1"}],"replies":[{"embeddable":true,"href":"https:\/\/marceloescalante.com\/cdhe\/wp-json\/wp\/v2\/comments?post=9567"}],"version-history":[{"count":15,"href":"https:\/\/marceloescalante.com\/cdhe\/wp-json\/wp\/v2\/pages\/9567\/revisions"}],"predecessor-version":[{"id":10361,"href":"https:\/\/marceloescalante.com\/cdhe\/wp-json\/wp\/v2\/pages\/9567\/revisions\/10361"}],"wp:attachment":[{"href":"https:\/\/marceloescalante.com\/cdhe\/wp-json\/wp\/v2\/media?parent=9567"}],"curies":[{"name":"wp","href":"https:\/\/api.w.org\/{rel}","templated":true}]}}