{"id":9830,"date":"2025-06-13T13:00:41","date_gmt":"2025-06-13T13:00:41","guid":{"rendered":"https:\/\/marceloescalante.com\/cdhe\/?page_id=9830"},"modified":"2025-08-08T20:26:41","modified_gmt":"2025-08-08T20:26:41","slug":"project-management","status":"publish","type":"page","link":"https:\/\/marceloescalante.com\/cdhe\/project-management\/","title":{"rendered":"Project Management"},"content":{"rendered":"<div class=\"wpb-content-wrapper\"><p>[vc_row full_width=&#8221;stretch_row_content&#8221; min_height=&#8221;80&#8243; min_height_units=&#8221;vh&#8221; parallax=&#8221;cesis_parallax&#8221; cesis_content_effect=&#8221;cesis_row_e_fade_stick&#8221; cesis_content_effect_depth=&#8221;0.4&#8243; content_placement=&#8221;middle&#8221; css=&#8221;.vc_custom_1753730621124{padding-top: 60px !important;padding-bottom: 60px !important;background-image: url(https:\/\/marceloescalante.com\/cdhe\/wp-content\/uploads\/2025\/07\/ruthson-zimmerman-FVwG5OzPuzo-unsplash-scaled.jpg?id=10227) !important;background-position: center;background-repeat: no-repeat !important;background-size: cover !important;}&#8221;][vc_column el_class=&#8221;cesis_align_a_center&#8221;][vc_custom_heading text=&#8221;Project Management&#8221; font_container=&#8221;tag:h2|font_size:78|text_align:center|color:%23ffffff|line_height:1.1em&#8221; text_transform=&#8221;cesis_text_transform_uppercase&#8221; letter_spacing=&#8221;4&#8243; google_fonts=&#8221;font_family:Open%20Sans%3A300%2C300italic%2Cregular%2Citalic%2C600%2C600italic%2C700%2C700italic%2C800%2C800italic|font_style:300%20light%20regular%3A300%3Anormal&#8221; css=&#8221;.vc_custom_1753822198334{margin-bottom: 12px !important;}&#8221;][\/vc_column][\/vc_row][vc_row full_width=&#8221;stretch_row&#8221; css=&#8221;.vc_custom_1750283044926{padding-top: 150px !important;padding-bottom: 150px !important;background-color: #f7f7f7 !important;background-position: center !important;background-repeat: no-repeat !important;background-size: cover !important;}&#8221;][vc_column css_animation=&#8221;fadeInLeft&#8221; width=&#8221;1\/2&#8243; css=&#8221;.vc_custom_1753729696618{margin-top: 100px !important;}&#8221;][vc_custom_heading text=&#8221;Project Management&#8221; font_container=&#8221;tag:h3|font_size:36px|text_align:left|line_height:40px&#8221; text_resize=&#8221;yes&#8221; text_minimum=&#8221;30&#8243; google_fonts=&#8221;font_family:Open%20Sans%3A300%2C300italic%2Cregular%2Citalic%2C600%2C600italic%2C700%2C700italic%2C800%2C800italic|font_style:300%20light%20regular%3A300%3Anormal&#8221; css=&#8221;.vc_custom_1754684319353{margin-bottom: 23px !important;}&#8221;][vc_column_text font_size=&#8221;16px&#8221; css=&#8221;&#8221; font_color=&#8221;#999999&#8243;]<\/p>\n<p style=\"text-align: left;\">Gestionamos tus proyectos bajo est\u00e1ndares PMI y metodolog\u00edas \u00e1giles (Scrum, Kanban, PM4R), asegurando la correcta planificaci\u00f3n, ejecuci\u00f3n, monitoreo y cierre, con enfoque en calidad, costos y tiempos.<\/p>\n<p>[\/vc_column_text][\/vc_column][vc_column width=&#8221;1\/2&#8243;][vc_single_image image=&#8221;10159&#8243; img_size=&#8221;large&#8221; css=&#8221;&#8221;][\/vc_column][\/vc_row][vc_row css=&#8221;.vc_custom_1563293256202{padding-top: 60px !important;padding-bottom: 20px !important;}&#8221;][vc_column][vc_custom_heading text=&#8221;Beneficios&#8221; font_container=&#8221;tag:h2|text_align:center&#8221; google_fonts=&#8221;font_family:Open%20Sans%3A300%2C300italic%2Cregular%2Citalic%2C600%2C600italic%2C700%2C700italic%2C800%2C800italic|font_style:400%20regular%3A400%3Anormal&#8221; css=&#8221;.vc_custom_1754682525593{margin-bottom: 100px !important;}&#8221;][\/vc_column][vc_column width=&#8221;1\/5&#8243; css=&#8221;.vc_custom_1563293250249{padding-top: 0px !important;padding-bottom: 40px !important;}&#8221;][\/vc_column][vc_column width=&#8221;1\/5&#8243;][cesis_icon_paragraph i_size=&#8221;45&#8243; position=&#8221;i_top&#8221; heading=&#8221;Visibilidad continua del avance y alerta temprana de riesgos.&#8221; heading_space=&#8221;12&#8243; text=&#8221;&#8221; text_space=&#8221;0&#8243; icon_color=&#8221;#4285F4&#8243; h_icon_color=&#8221;#4285F4&#8243; heading_font=&#8221;custom&#8221; heading_google_fonts=&#8221;font_family:Open%20Sans%3A300%2C300italic%2Cregular%2Citalic%2C600%2C600italic%2C700%2C700italic%2C800%2C800italic|font_style:600%20bold%20regular%3A600%3Anormal&#8221; heading_f_size=&#8221;18px&#8221; heading_t_transform=&#8221;none&#8221; icon=&#8221;fa-eye&#8221; g_icon_separator=&#8221;&#8221; g_heading_separator=&#8221;&#8221; g_text_separator=&#8221;&#8221; g_button_separator=&#8221;&#8221; g_module_separator=&#8221;&#8221; c_icon_separator=&#8221;&#8221; c_heading_separator=&#8221;&#8221; c_text_separator=&#8221;&#8221; t_heading_separator=&#8221;&#8221; t_text_separator=&#8221;&#8221;][\/cesis_icon_paragraph][\/vc_column][vc_column width=&#8221;1\/5&#8243; css=&#8221;.vc_custom_1563293267499{padding-bottom: 40px !important;}&#8221;][cesis_icon_paragraph i_size=&#8221;45&#8243; position=&#8221;i_top&#8221; heading=&#8221;Entregas a tiempo y dentro del presupuesto.&#8221; heading_space=&#8221;12&#8243; text=&#8221;&#8221; text_space=&#8221;0&#8243; icon_color=&#8221;#4285F4&#8243; h_icon_color=&#8221;#4285F4&#8243; heading_font=&#8221;custom&#8221; heading_google_fonts=&#8221;font_family:Open%20Sans%3A300%2C300italic%2Cregular%2Citalic%2C600%2C600italic%2C700%2C700italic%2C800%2C800italic|font_style:600%20bold%20regular%3A600%3Anormal&#8221; heading_f_size=&#8221;18px&#8221; heading_t_transform=&#8221;none&#8221; icon=&#8221;fa-calendar&#8221; g_icon_separator=&#8221;&#8221; g_heading_separator=&#8221;&#8221; g_text_separator=&#8221;&#8221; g_button_separator=&#8221;&#8221; g_module_separator=&#8221;&#8221; c_icon_separator=&#8221;&#8221; c_heading_separator=&#8221;&#8221; c_text_separator=&#8221;&#8221; t_heading_separator=&#8221;&#8221; t_text_separator=&#8221;&#8221;][\/cesis_icon_paragraph][\/vc_column][vc_column width=&#8221;1\/5&#8243;][cesis_icon_paragraph i_size=&#8221;45&#8243; position=&#8221;i_top&#8221; heading=&#8221;Documentaci\u00f3n completa y lecciones aprendidas para pr\u00f3ximas iniciativas.&#8221; heading_space=&#8221;12&#8243; text=&#8221;&#8221; text_space=&#8221;0&#8243; icon_color=&#8221;#4285F4&#8243; h_icon_color=&#8221;#4285F4&#8243; heading_font=&#8221;custom&#8221; heading_google_fonts=&#8221;font_family:Open%20Sans%3A300%2C300italic%2Cregular%2Citalic%2C600%2C600italic%2C700%2C700italic%2C800%2C800italic|font_style:600%20bold%20regular%3A600%3Anormal&#8221; heading_f_size=&#8221;18px&#8221; heading_t_transform=&#8221;none&#8221; icon=&#8221;fa-file-text&#8221; g_icon_separator=&#8221;&#8221; g_heading_separator=&#8221;&#8221; g_text_separator=&#8221;&#8221; g_button_separator=&#8221;&#8221; g_module_separator=&#8221;&#8221; c_icon_separator=&#8221;&#8221; c_heading_separator=&#8221;&#8221; c_text_separator=&#8221;&#8221; t_heading_separator=&#8221;&#8221; t_text_separator=&#8221;&#8221;][\/cesis_icon_paragraph][\/vc_column][vc_column width=&#8221;1\/5&#8243;][\/vc_column][\/vc_row][vc_row full_width=&#8221;stretch_row&#8221; css=&#8221;.vc_custom_1749822607179{padding-top: 150px !important;padding-bottom: 150px !important;background-color: #f7f7f7 !important;background-position: center !important;background-repeat: no-repeat !important;background-size: cover !important;}&#8221;][vc_column width=&#8221;1\/2&#8243;][vc_single_image image=&#8221;10158&#8243; img_size=&#8221;large&#8221; css=&#8221;&#8221;][\/vc_column][vc_column css_animation=&#8221;fadeInRight&#8221; width=&#8221;1\/2&#8243; css=&#8221;.vc_custom_1753729725363{margin-top: 50px !important;}&#8221;][vc_custom_heading text=&#8221;Caracter\u00edsticas clave&#8221; font_container=&#8221;tag:h3|font_size:36px|text_align:left|line_height:40px&#8221; text_resize=&#8221;yes&#8221; text_minimum=&#8221;30&#8243; google_fonts=&#8221;font_family:Open%20Sans%3A300%2C300italic%2Cregular%2Citalic%2C600%2C600italic%2C700%2C700italic%2C800%2C800italic|font_style:300%20light%20regular%3A300%3Anormal&#8221; css=&#8221;.vc_custom_1753827740361{margin-bottom: 23px !important;}&#8221;][vc_column_text font_size=&#8221;16px&#8221; css=&#8221;&#8221; font_color=&#8221;#999999&#8243;]<\/p>\n<ol>\n<li>Acta de Constituci\u00f3n y Registro de Stakeholders.<\/li>\n<li>WBS detallado, cronograma y gesti\u00f3n de recursos.<\/li>\n<li>Plan de gesti\u00f3n de riesgos y control de cambios.<\/li>\n<li>Informes peri\u00f3dicos de avance (dashboards de KPIs).<\/li>\n<li>Cierre de proyecto con informe de lecciones aprendidas.<\/li>\n<\/ol>\n<p>[\/vc_column_text][\/vc_column][\/vc_row][vc_row full_width=&#8221;stretch_row&#8221; css=&#8221;.vc_custom_1749683854878{padding-top: 150px !important;padding-bottom: 150px !important;background-color: #f7f7f7 !important;background-position: center !important;background-repeat: no-repeat !important;background-size: cover !important;}&#8221;][vc_column css_animation=&#8221;fadeInLeft&#8221; width=&#8221;1\/2&#8243; css=&#8221;.vc_custom_1753728275708{margin-top: 80px !important;}&#8221;][vc_custom_heading text=&#8221;Planificaci\u00f3n Estrat\u00e9gica&#8221; font_container=&#8221;tag:h4|font_size:25px|text_align:left|line_height:40px&#8221; text_resize=&#8221;yes&#8221; text_minimum=&#8221;30&#8243; google_fonts=&#8221;font_family:Open%20Sans%3A300%2C300italic%2Cregular%2Citalic%2C600%2C600italic%2C700%2C700italic%2C800%2C800italic|font_style:300%20light%20regular%3A300%3Anormal&#8221; css=&#8221;.vc_custom_1754684328915{margin-bottom: 23px !important;}&#8221;][vc_column_text font_size=&#8221;16px&#8221; css=&#8221;&#8221; font_color=&#8221;#999999&#8243;]Acompa\u00f1amos a tu organizaci\u00f3n en la definici\u00f3n de su visi\u00f3n, misi\u00f3n y objetivos estrat\u00e9gicos, a trav\u00e9s de metodolog\u00edas probadas (Balanced Scorecard, OKR, PM4R), para garantizar el alineamiento de toda la operaci\u00f3n y facilitar la toma de decisiones basada en datos.[\/vc_column_text][\/vc_column][vc_column width=&#8221;1\/2&#8243;][vc_single_image image=&#8221;10151&#8243; img_size=&#8221;large&#8221; css=&#8221;&#8221;][\/vc_column][\/vc_row][vc_row content_placement=&#8221;middle&#8221; css=&#8221;.vc_custom_1750180955007{padding-top: 60px !important;padding-bottom: 20px !important;}&#8221;][vc_column][vc_custom_heading text=&#8221;Beneficios&#8221; font_container=&#8221;tag:h2|text_align:center&#8221; google_fonts=&#8221;font_family:Open%20Sans%3A300%2C300italic%2Cregular%2Citalic%2C600%2C600italic%2C700%2C700italic%2C800%2C800italic|font_style:400%20regular%3A400%3Anormal&#8221; css=&#8221;.vc_custom_1754682532397{margin-bottom: 100px !important;}&#8221;][\/vc_column][vc_column width=&#8221;1\/5&#8243;][\/vc_column][vc_column width=&#8221;1\/5&#8243; css=&#8221;.vc_custom_1563293250249{padding-top: 0px !important;padding-bottom: 40px !important;}&#8221;][cesis_icon_paragraph i_size=&#8221;45&#8243; position=&#8221;i_top&#8221; heading=&#8221;Objetivos claros, medibles y alcanzables.&#8221; heading_space=&#8221;12&#8243; text=&#8221;&#8221; text_space=&#8221;0&#8243; icon_color=&#8221;#4285F4&#8243; h_icon_color=&#8221;#4285F4&#8243; heading_font=&#8221;custom&#8221; heading_google_fonts=&#8221;font_family:Open%20Sans%3A300%2C300italic%2Cregular%2Citalic%2C600%2C600italic%2C700%2C700italic%2C800%2C800italic|font_style:600%20bold%20regular%3A600%3Anormal&#8221; heading_f_size=&#8221;18px&#8221; heading_t_transform=&#8221;none&#8221; icon=&#8221;fa-check-square&#8221; g_icon_separator=&#8221;&#8221; g_heading_separator=&#8221;&#8221; g_text_separator=&#8221;&#8221; g_button_separator=&#8221;&#8221; g_module_separator=&#8221;&#8221; c_icon_separator=&#8221;&#8221; c_heading_separator=&#8221;&#8221; c_text_separator=&#8221;&#8221; t_heading_separator=&#8221;&#8221; t_text_separator=&#8221;&#8221;][\/cesis_icon_paragraph][\/vc_column][vc_column width=&#8221;1\/5&#8243; css=&#8221;.vc_custom_1563293267499{padding-bottom: 40px !important;}&#8221;][cesis_icon_paragraph i_size=&#8221;45&#8243; position=&#8221;i_top&#8221; heading=&#8221;Priorizaci\u00f3n de iniciativas con mayor impacto en el negocio.&#8221; heading_space=&#8221;12&#8243; text=&#8221;&#8221; text_space=&#8221;0&#8243; icon_color=&#8221;#4285F4&#8243; h_icon_color=&#8221;#4285F4&#8243; heading_font=&#8221;custom&#8221; heading_google_fonts=&#8221;font_family:Open%20Sans%3A300%2C300italic%2Cregular%2Citalic%2C600%2C600italic%2C700%2C700italic%2C800%2C800italic|font_style:600%20bold%20regular%3A600%3Anormal&#8221; heading_f_size=&#8221;18px&#8221; heading_t_transform=&#8221;none&#8221; icon=&#8221;fa-sort-numeric-asc&#8221; g_icon_separator=&#8221;&#8221; g_heading_separator=&#8221;&#8221; g_text_separator=&#8221;&#8221; g_button_separator=&#8221;&#8221; g_module_separator=&#8221;&#8221; c_icon_separator=&#8221;&#8221; c_heading_separator=&#8221;&#8221; c_text_separator=&#8221;&#8221; t_heading_separator=&#8221;&#8221; t_text_separator=&#8221;&#8221;][\/cesis_icon_paragraph][\/vc_column][vc_column width=&#8221;1\/5&#8243; css=&#8221;.vc_custom_1563293270963{padding-bottom: 40px !important;}&#8221;][cesis_icon_paragraph i_size=&#8221;45&#8243; position=&#8221;i_top&#8221; heading=&#8221;Agilidad en la adaptaci\u00f3n a cambios del entorno.&#8221; heading_space=&#8221;12&#8243; text=&#8221;&#8221; text_space=&#8221;0&#8243; icon_color=&#8221;#4285F4&#8243; h_icon_color=&#8221;#4285F4&#8243; heading_font=&#8221;custom&#8221; heading_google_fonts=&#8221;font_family:Open%20Sans%3A300%2C300italic%2Cregular%2Citalic%2C600%2C600italic%2C700%2C700italic%2C800%2C800italic|font_style:600%20bold%20regular%3A600%3Anormal&#8221; heading_f_size=&#8221;18px&#8221; heading_t_transform=&#8221;none&#8221; icon=&#8221;fa-random&#8221; g_icon_separator=&#8221;&#8221; g_heading_separator=&#8221;&#8221; g_text_separator=&#8221;&#8221; g_button_separator=&#8221;&#8221; g_module_separator=&#8221;&#8221; c_icon_separator=&#8221;&#8221; c_heading_separator=&#8221;&#8221; c_text_separator=&#8221;&#8221; t_heading_separator=&#8221;&#8221; t_text_separator=&#8221;&#8221;][\/cesis_icon_paragraph][\/vc_column][vc_column width=&#8221;1\/5&#8243;][\/vc_column][\/vc_row][vc_row full_width=&#8221;stretch_row&#8221; css=&#8221;.vc_custom_1749682102518{padding-top: 150px !important;padding-bottom: 150px !important;background-color: #f7f7f7 !important;background-position: center !important;background-repeat: no-repeat !important;background-size: cover !important;}&#8221;][vc_column width=&#8221;1\/2&#8243;][vc_single_image image=&#8221;10150&#8243; img_size=&#8221;large&#8221; css=&#8221;&#8221;][\/vc_column][vc_column css_animation=&#8221;fadeInRight&#8221; width=&#8221;1\/2&#8243; css=&#8221;.vc_custom_1753728244125{margin-top: 100px !important;}&#8221;][vc_custom_heading text=&#8221;Caracter\u00edsticas clave:&#8221; font_container=&#8221;tag:h4|font_size:25px|text_align:left|line_height:40px&#8221; text_resize=&#8221;yes&#8221; text_minimum=&#8221;30&#8243; google_fonts=&#8221;font_family:Open%20Sans%3A300%2C300italic%2Cregular%2Citalic%2C600%2C600italic%2C700%2C700italic%2C800%2C800italic|font_style:300%20light%20regular%3A300%3Anormal&#8221; css=&#8221;.vc_custom_1753821912363{margin-bottom: 23px !important;}&#8221;][vc_column_text font_size=&#8221;16px&#8221; css=&#8221;&#8221; font_color=&#8221;#999999&#8243;]<\/p>\n<ul>\n<li>Talleres colaborativos con l\u00edderes y partes interesadas.<\/li>\n<li>Matriz SWOT y an\u00e1lisis de escenarios.<\/li>\n<li>Roadmap estrat\u00e9gico con KPIs y m\u00e9tricas de seguimiento.<\/li>\n<li>Sesiones de revisi\u00f3n trimestral y ajuste de metas.<\/li>\n<\/ul>\n<p>[\/vc_column_text][\/vc_column][\/vc_row][vc_row full_width=&#8221;stretch_row&#8221; css=&#8221;.vc_custom_1563553114364{padding-top: 95px !important;padding-bottom: 95px !important;background: #000000 url(http:\/\/cesis.co\/classic-business\/wp-content\/uploads\/sites\/8\/2019\/07\/contact_bg.jpg?id=39) !important;background-position: center !important;background-repeat: no-repeat !important;background-size: cover !important;}&#8221;][vc_column][vc_custom_heading text=&#8221;\u201cCont\u00e1ctanos hoy y empecemos a construir tu \u00e9xito.\u201d&#8221; font_container=&#8221;tag:h3|font_size:36px|text_align:center|color:%23ffffff|line_height:40px&#8221; text_resize=&#8221;yes&#8221; text_minimum=&#8221;30&#8243; google_fonts=&#8221;font_family:Open%20Sans%3A300%2C300italic%2Cregular%2Citalic%2C600%2C600italic%2C700%2C700italic%2C800%2C800italic|font_style:300%20light%20regular%3A300%3Anormal&#8221; css=&#8221;.vc_custom_1753827755689{margin-bottom: 23px !important;}&#8221;][vc_row_inner][vc_column_inner width=&#8221;1\/4&#8243;][\/vc_column_inner][vc_column_inner width=&#8221;1\/2&#8243;][cesis_cf7 contact_id=&#8221;9644&#8243; f_style=&#8221;custom&#8221; f_bg_color=&#8221;#00000000&#8243;][\/vc_column_inner][vc_column_inner width=&#8221;1\/4&#8243;][\/vc_column_inner][\/vc_row_inner][\/vc_column][\/vc_row]<\/p>\n<\/div>","protected":false},"excerpt":{"rendered":"<p>[vc_row full_width=&#8221;stretch_row_content&#8221; min_height=&#8221;80&#8243; min_height_units=&#8221;vh&#8221; parallax=&#8221;cesis_parallax&#8221; cesis_content_effect=&#8221;cesis_row_e_fade_stick&#8221; cesis_content_effect_depth=&#8221;0.4&#8243; content_placement=&#8221;middle&#8221; css=&#8221;.vc_custom_1753730621124{padding-top: 60px !important;padding-bottom: 60px !important;background-image: url(https:\/\/marceloescalante.com\/cdhe\/wp-content\/uploads\/2025\/07\/ruthson-zimmerman-FVwG5OzPuzo-unsplash-scaled.jpg?id=10227) !important;background-position: center;background-repeat: no-repeat !important;background-size: cover !important;}&#8221;][vc_column el_class=&#8221;cesis_align_a_center&#8221;][vc_custom_heading text=&#8221;Project Management&#8221; font_container=&#8221;tag:h2|font_size:78|text_align:center|color:%23ffffff|line_height:1.1em&#8221; text_transform=&#8221;cesis_text_transform_uppercase&#8221; letter_spacing=&#8221;4&#8243; google_fonts=&#8221;font_family:Open%20Sans%3A300%2C300italic%2Cregular%2Citalic%2C600%2C600italic%2C700%2C700italic%2C800%2C800italic|font_style:300%20light%20regular%3A300%3Anormal&#8221; css=&#8221;.vc_custom_1753822198334{margin-bottom: 12px !important;}&#8221;][\/vc_column][\/vc_row][vc_row full_width=&#8221;stretch_row&#8221; css=&#8221;.vc_custom_1750283044926{padding-top: 150px !important;padding-bottom: 150px !important;background-color: #f7f7f7 !important;background-position: center !important;background-repeat: no-repeat !important;background-size: cover !important;}&#8221;][vc_column css_animation=&#8221;fadeInLeft&#8221; width=&#8221;1\/2&#8243; css=&#8221;.vc_custom_1753729696618{margin-top: 100px !important;}&#8221;][vc_custom_heading text=&#8221;Project Management&#8221; font_container=&#8221;tag:h3|font_size:36px|text_align:left|line_height:40px&#8221; text_resize=&#8221;yes&#8221; text_minimum=&#8221;30&#8243; google_fonts=&#8221;font_family:Open%20Sans%3A300%2C300italic%2Cregular%2Citalic%2C600%2C600italic%2C700%2C700italic%2C800%2C800italic|font_style:300%20light%20regular%3A300%3Anormal&#8221; [&hellip;]<\/p>\n","protected":false},"author":1,"featured_media":0,"parent":0,"menu_order":0,"comment_status":"closed","ping_status":"closed","template":"","meta":{"_joinchat":[],"footnotes":""},"class_list":["post-9830","page","type-page","status-publish","hentry"],"_links":{"self":[{"href":"https:\/\/marceloescalante.com\/cdhe\/wp-json\/wp\/v2\/pages\/9830","targetHints":{"allow":["GET"]}}],"collection":[{"href":"https:\/\/marceloescalante.com\/cdhe\/wp-json\/wp\/v2\/pages"}],"about":[{"href":"https:\/\/marceloescalante.com\/cdhe\/wp-json\/wp\/v2\/types\/page"}],"author":[{"embeddable":true,"href":"https:\/\/marceloescalante.com\/cdhe\/wp-json\/wp\/v2\/users\/1"}],"replies":[{"embeddable":true,"href":"https:\/\/marceloescalante.com\/cdhe\/wp-json\/wp\/v2\/comments?post=9830"}],"version-history":[{"count":45,"href":"https:\/\/marceloescalante.com\/cdhe\/wp-json\/wp\/v2\/pages\/9830\/revisions"}],"predecessor-version":[{"id":10506,"href":"https:\/\/marceloescalante.com\/cdhe\/wp-json\/wp\/v2\/pages\/9830\/revisions\/10506"}],"wp:attachment":[{"href":"https:\/\/marceloescalante.com\/cdhe\/wp-json\/wp\/v2\/media?parent=9830"}],"curies":[{"name":"wp","href":"https:\/\/api.w.org\/{rel}","templated":true}]}}