{"id":9832,"date":"2025-06-13T13:01:26","date_gmt":"2025-06-13T13:01:26","guid":{"rendered":"https:\/\/marceloescalante.com\/cdhe\/?page_id=9832"},"modified":"2025-08-19T19:06:59","modified_gmt":"2025-08-19T19:06:59","slug":"servicios-ong","status":"publish","type":"page","link":"https:\/\/marceloescalante.com\/cdhe\/servicios-ong\/","title":{"rendered":"Servicios Integrales para ONG&#8217;s"},"content":{"rendered":"<div class=\"wpb-content-wrapper\"><p>[vc_row full_width=&#8221;stretch_row_content&#8221; min_height=&#8221;80&#8243; min_height_units=&#8221;vh&#8221; parallax=&#8221;cesis_parallax&#8221; parallax_image=&#8221;47&#8243; cesis_content_effect=&#8221;cesis_row_e_fade_stick&#8221; cesis_content_effect_depth=&#8221;0.4&#8243; content_placement=&#8221;middle&#8221; css=&#8221;.vc_custom_1754683910272{padding-top: 60px !important;padding-bottom: 60px !important;background-image: url(https:\/\/marceloescalante.com\/cdhe\/wp-content\/uploads\/2025\/08\/primer-plano-de-personas-voluntarias-trabajo-en-equipo-poniendo-el-dedo-en-forma-de-estrellamanos-juntaspila-de-manosunidad-y-trabajo-en-equipo-en-el-dia-mundial-del-medio-ambiente-scaled.jpg?id=10490) !important;background-position: center;background-repeat: no-repeat !important;background-size: cover !important;}&#8221;][vc_column el_class=&#8221;cesis_align_a_center&#8221;][vc_custom_heading text=&#8221;Servicios Integrales<br \/>\npara ONG&#8217;s&#8221; font_container=&#8221;tag:h2|font_size:78|text_align:center|color:%23ffffff|line_height:1.1em&#8221; text_transform=&#8221;cesis_text_transform_uppercase&#8221; letter_spacing=&#8221;4&#8243; google_fonts=&#8221;font_family:Open%20Sans%3A300%2C300italic%2Cregular%2Citalic%2C600%2C600italic%2C700%2C700italic%2C800%2C800italic|font_style:300%20light%20regular%3A300%3Anormal&#8221; css=&#8221;.vc_custom_1750182370478{margin-bottom: 12px !important;}&#8221;][\/vc_column][\/vc_row][vc_row full_width=&#8221;stretch_row&#8221; css=&#8221;.vc_custom_1750283279757{padding-top: 150px !important;padding-bottom: 150px !important;background-color: #f7f7f7 !important;background-position: center !important;background-repeat: no-repeat !important;background-size: cover !important;}&#8221;][vc_column css_animation=&#8221;fadeInLeft&#8221; width=&#8221;1\/2&#8243; css=&#8221;.vc_custom_1753730113107{margin-top: 70px !important;}&#8221;][vc_custom_heading text=&#8221;Servicios Integrales para ONG&#8217;s&#8221; font_container=&#8221;tag:h3|font_size:36px|text_align:left|line_height:40px&#8221; text_resize=&#8221;yes&#8221; text_minimum=&#8221;30&#8243; google_fonts=&#8221;font_family:Open%20Sans%3A300%2C300italic%2Cregular%2Citalic%2C600%2C600italic%2C700%2C700italic%2C800%2C800italic|font_style:300%20light%20regular%3A300%3Anormal&#8221; css=&#8221;.vc_custom_1754684394125{margin-bottom: 23px !important;}&#8221;][vc_column_text font_size=&#8221;16px&#8221; css=&#8221;&#8221; font_color=&#8221;#999999&#8243;]Ofrecemos un paquete completo de asesor\u00eda para organizaciones de la sociedad civil: desde la institucionalizaci\u00f3n y profesionalizaci\u00f3n interna, hasta la obtenci\u00f3n y gesti\u00f3n de recursos.[\/vc_column_text][\/vc_column][vc_column width=&#8221;1\/2&#8243;][vc_single_image image=&#8221;10156&#8243; img_size=&#8221;large&#8221; css=&#8221;&#8221;][\/vc_column][\/vc_row][vc_row css=&#8221;.vc_custom_1563293256202{padding-top: 60px !important;padding-bottom: 20px !important;}&#8221;][vc_column][vc_custom_heading text=&#8221;Beneficios&#8221; font_container=&#8221;tag:h2|text_align:center&#8221; google_fonts=&#8221;font_family:Open%20Sans%3A300%2C300italic%2Cregular%2Citalic%2C600%2C600italic%2C700%2C700italic%2C800%2C800italic|font_style:400%20regular%3A400%3Anormal&#8221; css=&#8221;.vc_custom_1754682778096{margin-bottom: 100px !important;}&#8221;][\/vc_column][vc_column width=&#8221;1\/5&#8243; css=&#8221;.vc_custom_1563293250249{padding-top: 0px !important;padding-bottom: 40px !important;}&#8221;][\/vc_column][vc_column width=&#8221;1\/5&#8243; css=&#8221;.vc_custom_1563293267499{padding-bottom: 40px !important;}&#8221;][cesis_icon_paragraph i_size=&#8221;45&#8243; position=&#8221;i_top&#8221; heading=&#8221;Acceso a deducciones fiscales y donantes globales.&#8221; heading_space=&#8221;12&#8243; text=&#8221;&#8221; text_space=&#8221;0&#8243; icon_color=&#8221;#4285F4&#8243; h_icon_color=&#8221;#4285F4&#8243; heading_f_size=&#8221;18px&#8221; heading_f_weight=&#8221;600&#8243; heading_t_transform=&#8221;none&#8221; icon=&#8221;fa-arrow-right&#8221;][\/cesis_icon_paragraph][\/vc_column][vc_column width=&#8221;1\/5&#8243; css=&#8221;.vc_custom_1563293270963{padding-bottom: 40px !important;}&#8221;][cesis_icon_paragraph i_size=&#8221;45&#8243; position=&#8221;i_top&#8221; heading=&#8221;Cumplimiento normativo y mejores pr\u00e1cticas de gobierno.&#8221; heading_space=&#8221;12&#8243; text=&#8221;&#8221; text_space=&#8221;0&#8243; icon_color=&#8221;#4285F4&#8243; h_icon_color=&#8221;#4285F4&#8243; heading_f_size=&#8221;18px&#8221; heading_f_weight=&#8221;600&#8243; heading_t_transform=&#8221;none&#8221; icon=&#8221;fa-calendar-check-o&#8221; g_icon_separator=&#8221;&#8221; g_heading_separator=&#8221;&#8221; g_text_separator=&#8221;&#8221; g_button_separator=&#8221;&#8221; g_module_separator=&#8221;&#8221; c_icon_separator=&#8221;&#8221; c_heading_separator=&#8221;&#8221; c_text_separator=&#8221;&#8221; t_heading_separator=&#8221;&#8221; t_text_separator=&#8221;&#8221;][\/cesis_icon_paragraph][\/vc_column][vc_column width=&#8221;1\/5&#8243; css=&#8221;.vc_custom_1563293279544{padding-bottom: 40px !important;}&#8221;][cesis_icon_paragraph i_size=&#8221;45&#8243; position=&#8221;i_top&#8221; heading=&#8221;Mayor credibilidad y competitividad ante convocatorias de fondos.&#8221; heading_space=&#8221;12&#8243; text=&#8221;&#8221; text_space=&#8221;0&#8243; icon_color=&#8221;#4285F4&#8243; h_icon_color=&#8221;#4285F4&#8243; heading_f_size=&#8221;18px&#8221; heading_f_weight=&#8221;600&#8243; heading_t_transform=&#8221;none&#8221; icon=&#8221;fa-handshake-o&#8221;][\/cesis_icon_paragraph][\/vc_column][vc_column width=&#8221;1\/5&#8243;][\/vc_column][\/vc_row][vc_row full_width=&#8221;stretch_row&#8221; css=&#8221;.vc_custom_1750283287213{padding-top: 150px !important;padding-bottom: 150px !important;background-color: #f7f7f7 !important;background-position: center !important;background-repeat: no-repeat !important;background-size: cover !important;}&#8221;][vc_column width=&#8221;1\/2&#8243;][vc_single_image image=&#8221;10155&#8243; img_size=&#8221;full&#8221; css=&#8221;&#8221;][\/vc_column][vc_column css_animation=&#8221;fadeInRight&#8221; width=&#8221;1\/2&#8243; css=&#8221;.vc_custom_1753730193278{margin-top: 25px !important;}&#8221;][vc_custom_heading text=&#8221;Caracter\u00edsticas clave&#8221; font_container=&#8221;tag:h3|font_size:36px|text_align:left|line_height:40px&#8221; text_resize=&#8221;yes&#8221; text_minimum=&#8221;30&#8243; google_fonts=&#8221;font_family:Open%20Sans%3A300%2C300italic%2Cregular%2Citalic%2C600%2C600italic%2C700%2C700italic%2C800%2C800italic|font_style:300%20light%20regular%3A300%3Anormal&#8221; css=&#8221;.vc_custom_1750182294482{margin-bottom: 23px !important;}&#8221;][vc_column_text font_size=&#8221;16px&#8221; css=&#8221;&#8221; font_color=&#8221;#999999&#8243;]<\/p>\n<ul>\n<li>Diagn\u00f3stico de estructura y gobernanza.<\/li>\n<li>Elaboraci\u00f3n y registro de Estatutos y \u00d3rganos de Gobierno.<\/li>\n<li>Tramitaci\u00f3n de acreditaci\u00f3n SAT (Donataria Autorizada) y organismos internacionales.<\/li>\n<li>Registro y renovaci\u00f3n CLUNI (SIAC).<\/li>\n<li>Dise\u00f1o de estrategias de fundraising y reportes de impacto.<\/li>\n<\/ul>\n<p>[\/vc_column_text][\/vc_column][\/vc_row][vc_row full_width=&#8221;stretch_row&#8221; css=&#8221;.vc_custom_1563553114364{padding-top: 95px !important;padding-bottom: 95px !important;background: #000000 url(http:\/\/cesis.co\/classic-business\/wp-content\/uploads\/sites\/8\/2019\/07\/contact_bg.jpg?id=39) !important;background-position: center !important;background-repeat: no-repeat !important;background-size: cover !important;}&#8221;][vc_column][vc_custom_heading text=&#8221;\u201cCont\u00e1ctanos hoy y empecemos a construir tu \u00e9xito.\u201d&#8221; font_container=&#8221;tag:h3|font_size:36px|text_align:center|color:%23ffffff|line_height:40px&#8221; text_resize=&#8221;yes&#8221; text_minimum=&#8221;30&#8243; google_fonts=&#8221;font_family:Open%20Sans%3A300%2C300italic%2Cregular%2Citalic%2C600%2C600italic%2C700%2C700italic%2C800%2C800italic|font_style:300%20light%20regular%3A300%3Anormal&#8221; css=&#8221;.vc_custom_1753811236183{margin-bottom: 23px !important;}&#8221;][vc_row_inner][vc_column_inner width=&#8221;1\/4&#8243;][\/vc_column_inner][vc_column_inner width=&#8221;1\/2&#8243;][cesis_cf7 contact_id=&#8221;9644&#8243; f_style=&#8221;custom&#8221; f_bg_color=&#8221;#00000000&#8243;][\/vc_column_inner][vc_column_inner width=&#8221;1\/4&#8243;][\/vc_column_inner][\/vc_row_inner][\/vc_column][\/vc_row]<\/p>\n<\/div>","protected":false},"excerpt":{"rendered":"<p>[vc_row full_width=&#8221;stretch_row_content&#8221; min_height=&#8221;80&#8243; min_height_units=&#8221;vh&#8221; parallax=&#8221;cesis_parallax&#8221; parallax_image=&#8221;47&#8243; cesis_content_effect=&#8221;cesis_row_e_fade_stick&#8221; cesis_content_effect_depth=&#8221;0.4&#8243; content_placement=&#8221;middle&#8221; css=&#8221;.vc_custom_1754683910272{padding-top: 60px !important;padding-bottom: 60px !important;background-image: url(https:\/\/marceloescalante.com\/cdhe\/wp-content\/uploads\/2025\/08\/primer-plano-de-personas-voluntarias-trabajo-en-equipo-poniendo-el-dedo-en-forma-de-estrellamanos-juntaspila-de-manosunidad-y-trabajo-en-equipo-en-el-dia-mundial-del-medio-ambiente-scaled.jpg?id=10490) !important;background-position: center;background-repeat: no-repeat !important;background-size: cover !important;}&#8221;][vc_column el_class=&#8221;cesis_align_a_center&#8221;][vc_custom_heading text=&#8221;Servicios Integrales para ONG&#8217;s&#8221; font_container=&#8221;tag:h2|font_size:78|text_align:center|color:%23ffffff|line_height:1.1em&#8221; text_transform=&#8221;cesis_text_transform_uppercase&#8221; letter_spacing=&#8221;4&#8243; google_fonts=&#8221;font_family:Open%20Sans%3A300%2C300italic%2Cregular%2Citalic%2C600%2C600italic%2C700%2C700italic%2C800%2C800italic|font_style:300%20light%20regular%3A300%3Anormal&#8221; css=&#8221;.vc_custom_1750182370478{margin-bottom: 12px !important;}&#8221;][\/vc_column][\/vc_row][vc_row full_width=&#8221;stretch_row&#8221; css=&#8221;.vc_custom_1750283279757{padding-top: 150px !important;padding-bottom: 150px !important;background-color: #f7f7f7 !important;background-position: center !important;background-repeat: no-repeat !important;background-size: cover !important;}&#8221;][vc_column css_animation=&#8221;fadeInLeft&#8221; width=&#8221;1\/2&#8243; css=&#8221;.vc_custom_1753730113107{margin-top: 70px !important;}&#8221;][vc_custom_heading text=&#8221;Servicios Integrales para [&hellip;]<\/p>\n","protected":false},"author":1,"featured_media":0,"parent":0,"menu_order":0,"comment_status":"closed","ping_status":"closed","template":"","meta":{"_joinchat":[],"footnotes":""},"class_list":["post-9832","page","type-page","status-publish","hentry"],"_links":{"self":[{"href":"https:\/\/marceloescalante.com\/cdhe\/wp-json\/wp\/v2\/pages\/9832","targetHints":{"allow":["GET"]}}],"collection":[{"href":"https:\/\/marceloescalante.com\/cdhe\/wp-json\/wp\/v2\/pages"}],"about":[{"href":"https:\/\/marceloescalante.com\/cdhe\/wp-json\/wp\/v2\/types\/page"}],"author":[{"embeddable":true,"href":"https:\/\/marceloescalante.com\/cdhe\/wp-json\/wp\/v2\/users\/1"}],"replies":[{"embeddable":true,"href":"https:\/\/marceloescalante.com\/cdhe\/wp-json\/wp\/v2\/comments?post=9832"}],"version-history":[{"count":30,"href":"https:\/\/marceloescalante.com\/cdhe\/wp-json\/wp\/v2\/pages\/9832\/revisions"}],"predecessor-version":[{"id":9879,"href":"https:\/\/marceloescalante.com\/cdhe\/wp-json\/wp\/v2\/pages\/9832\/revisions\/9879"}],"wp:attachment":[{"href":"https:\/\/marceloescalante.com\/cdhe\/wp-json\/wp\/v2\/media?parent=9832"}],"curies":[{"name":"wp","href":"https:\/\/api.w.org\/{rel}","templated":true}]}}